{"id":112,"date":"2025-07-08T10:13:51","date_gmt":"2025-07-08T10:13:51","guid":{"rendered":"http:\/\/localhost\/ToolConsultingWebSite\/?page_id=112"},"modified":"2025-07-21T10:45:54","modified_gmt":"2025-07-21T10:45:54","slug":"notre-approche","status":"publish","type":"page","link":"https:\/\/toolconsulting.com\/en\/notre-approche\/","title":{"rendered":"Our approach"},"content":{"rendered":"<div data-elementor-type=\"wp-page\" data-elementor-id=\"112\" class=\"elementor elementor-112\">\n\t\t\t\t<div class=\"elementor-element elementor-element-44f862d e-con-full e-flex e-con e-parent\" data-id=\"44f862d\" data-element_type=\"container\" data-e-type=\"container\" data-settings=\"{&quot;background_background&quot;:&quot;gradient&quot;}\">\n\t\t\t\t\t\t\t<h2 \n\t\tdata-interaction-id=\"3aad2dd\" \n\t\tclass=\"e-3aad2dd-d5c903a e-heading-base\" \n\t\t \n\t\t\n\t>\n\t\n\t\t\tBe ready for the future.\n\t\t<\/h2>\n\t\t\t\t\t\t\t\t<p class=\"e-39bc775-cc3171b e-paragraph-base\" data-interaction-id=\"39bc775\"  >\n\t\t\t\t\t\t\t\tTake the path of technological transformation with TOOL CONSULTING, your ultimate digital transformation partner.\n\t\t\t\t\t<\/p>\n\t\t\t\t<div class=\"elementor-element elementor-element-d19c3de elementor-absolute animationFramesOne elementor-widget elementor-widget-image\" data-id=\"d19c3de\" data-element_type=\"widget\" data-e-type=\"widget\" data-settings=\"{&quot;_position&quot;:&quot;absolute&quot;}\" data-widget_type=\"image.default\">\n\t\t\t\t\t\t\t\t\t\t\t\t\t\t\t<img fetchpriority=\"high\" decoding=\"async\" width=\"1024\" height=\"576\" src=\"https:\/\/toolconsulting.com\/wp-content\/uploads\/2025\/07\/plus-Background-Removed-1024x576.png\" class=\"attachment-large size-large wp-image-303\" alt=\"\" srcset=\"https:\/\/toolconsulting.com\/wp-content\/uploads\/2025\/07\/plus-Background-Removed-1024x576.png 1024w, https:\/\/toolconsulting.com\/wp-content\/uploads\/2025\/07\/plus-Background-Removed-300x169.png 300w, https:\/\/toolconsulting.com\/wp-content\/uploads\/2025\/07\/plus-Background-Removed-768x432.png 768w, https:\/\/toolconsulting.com\/wp-content\/uploads\/2025\/07\/plus-Background-Removed.png 1280w\" sizes=\"(max-width: 1024px) 100vw, 1024px\" \/>\t\t\t\t\t\t\t\t\t\t\t\t\t\t\t<\/div>\n\t\t\t\t<div class=\"elementor-element elementor-element-9cab12e elementor-absolute animationFramesOne elementor-widget elementor-widget-image\" data-id=\"9cab12e\" data-element_type=\"widget\" data-e-type=\"widget\" data-settings=\"{&quot;_position&quot;:&quot;absolute&quot;}\" data-widget_type=\"image.default\">\n\t\t\t\t\t\t\t\t\t\t\t\t\t\t\t<img decoding=\"async\" width=\"1024\" height=\"576\" src=\"https:\/\/toolconsulting.com\/wp-content\/uploads\/2025\/07\/orangeplus-Background-Removed-1024x576.png\" class=\"attachment-large size-large wp-image-308\" alt=\"\" srcset=\"https:\/\/toolconsulting.com\/wp-content\/uploads\/2025\/07\/orangeplus-Background-Removed-1024x576.png 1024w, https:\/\/toolconsulting.com\/wp-content\/uploads\/2025\/07\/orangeplus-Background-Removed-300x169.png 300w, https:\/\/toolconsulting.com\/wp-content\/uploads\/2025\/07\/orangeplus-Background-Removed-768x432.png 768w, https:\/\/toolconsulting.com\/wp-content\/uploads\/2025\/07\/orangeplus-Background-Removed.png 1280w\" sizes=\"(max-width: 1024px) 100vw, 1024px\" \/>\t\t\t\t\t\t\t\t\t\t\t\t\t\t\t<\/div>\n\t\t\t\t<\/div>\n\t\t<div class=\"elementor-element elementor-element-4b497d5 e-con-full e-flex e-con e-parent\" data-id=\"4b497d5\" data-element_type=\"container\" data-e-type=\"container\" data-settings=\"{&quot;background_background&quot;:&quot;classic&quot;}\">\n\t\t<div class=\"elementor-element elementor-element-86c81c4 e-con-full e-flex e-con e-child\" data-id=\"86c81c4\" data-element_type=\"container\" data-e-type=\"container\">\n\t\t<div class=\"elementor-element elementor-element-4cbed91 e-con-full zoom-in e-flex e-con e-child\" data-id=\"4cbed91\" data-element_type=\"container\" data-e-type=\"container\" data-settings=\"{&quot;background_background&quot;:&quot;classic&quot;}\">\n\t\t\t\t<div class=\"elementor-element elementor-element-c404d53 ekit-equal-height-disable elementor-widget elementor-widget-elementskit-image-box\" data-id=\"c404d53\" data-element_type=\"widget\" data-e-type=\"widget\" data-widget_type=\"elementskit-image-box.default\">\n\t\t\t\t\t<div class=\"ekit-wid-con\" >\n            <div class=\"elementskit-info-image-box ekit-image-box text-center simple-card\" >\n\n                \n                <div class=\"elementskit-box-header image-box-img-center\">\n\n                    <img decoding=\"async\" width=\"1200\" height=\"800\" src=\"https:\/\/toolconsulting.com\/wp-content\/uploads\/2025\/07\/yy.png\" class=\"attachment-full size-full wp-image-1237\" alt=\"\" srcset=\"https:\/\/toolconsulting.com\/wp-content\/uploads\/2025\/07\/yy.png 1200w, https:\/\/toolconsulting.com\/wp-content\/uploads\/2025\/07\/yy-300x200.png 300w, https:\/\/toolconsulting.com\/wp-content\/uploads\/2025\/07\/yy-1024x683.png 1024w, https:\/\/toolconsulting.com\/wp-content\/uploads\/2025\/07\/yy-768x512.png 768w\" sizes=\"(max-width: 1200px) 100vw, 1200px\" \/>\n                <\/div>\n                \n                <div class=\"elementskit-box-body ekit-image-box-body\">\n                    <div class=\"elementskit-box-content ekit-image-box-body-inner\">\n                                                <h3 class=\"elementskit-info-box-title\">\n\n                        360\u00b0 assessment\n                        \n                    <\/h3>\n                                                            <div class=\"elementskit-box-style-content\">\n                        Gaining insight into your sector\u2019s key challenges and market trends.                    <\/div>\n                                    <\/div>\n\n                            <\/div>\n            <\/div>\n    <\/div>\t\t\t\t<\/div>\n\t\t\t\t<\/div>\n\t\t<div class=\"elementor-element elementor-element-e0c9824 e-con-full zoom-in e-flex e-con e-child\" data-id=\"e0c9824\" data-element_type=\"container\" data-e-type=\"container\" data-settings=\"{&quot;background_background&quot;:&quot;classic&quot;}\">\n\t\t\t\t<div class=\"elementor-element elementor-element-8d5bfb6 ekit-equal-height-disable elementor-widget elementor-widget-elementskit-image-box\" data-id=\"8d5bfb6\" data-element_type=\"widget\" data-e-type=\"widget\" data-widget_type=\"elementskit-image-box.default\">\n\t\t\t\t\t<div class=\"ekit-wid-con\" >\n            <div class=\"elementskit-info-image-box ekit-image-box text-center simple-card\" >\n\n                \n                <div class=\"elementskit-box-header image-box-img-center\">\n\n                    <img loading=\"lazy\" decoding=\"async\" width=\"1200\" height=\"800\" src=\"https:\/\/toolconsulting.com\/wp-content\/uploads\/2025\/07\/woow.png\" class=\"attachment-full size-full wp-image-1243\" alt=\"\" srcset=\"https:\/\/toolconsulting.com\/wp-content\/uploads\/2025\/07\/woow.png 1200w, https:\/\/toolconsulting.com\/wp-content\/uploads\/2025\/07\/woow-300x200.png 300w, https:\/\/toolconsulting.com\/wp-content\/uploads\/2025\/07\/woow-1024x683.png 1024w, https:\/\/toolconsulting.com\/wp-content\/uploads\/2025\/07\/woow-768x512.png 768w\" sizes=\"(max-width: 1200px) 100vw, 1200px\" \/>\n                <\/div>\n                \n                <div class=\"elementskit-box-body ekit-image-box-body\">\n                    <div class=\"elementskit-box-content ekit-image-box-body-inner\">\n                                                <h3 class=\"elementskit-info-box-title\">\n\n                        Business Innovation\n                        \n                    <\/h3>\n                                                            <div class=\"elementskit-box-style-content\">\n                        Understanding and achieving your business goals.                    <\/div>\n                                    <\/div>\n\n                            <\/div>\n            <\/div>\n    <\/div>\t\t\t\t<\/div>\n\t\t\t\t<\/div>\n\t\t<div class=\"elementor-element elementor-element-a7a213a e-con-full zoom-in e-flex e-con e-child\" data-id=\"a7a213a\" data-element_type=\"container\" data-e-type=\"container\" data-settings=\"{&quot;background_background&quot;:&quot;classic&quot;}\">\n\t\t\t\t<div class=\"elementor-element elementor-element-82dbec9 ekit-equal-height-disable elementor-widget elementor-widget-elementskit-image-box\" data-id=\"82dbec9\" data-element_type=\"widget\" data-e-type=\"widget\" data-widget_type=\"elementskit-image-box.default\">\n\t\t\t\t\t<div class=\"ekit-wid-con\" >\n            <div class=\"elementskit-info-image-box ekit-image-box text-center simple-card\" >\n\n                \n                <div class=\"elementskit-box-header image-box-img-center\">\n\n                    <img loading=\"lazy\" decoding=\"async\" width=\"1200\" height=\"800\" src=\"https:\/\/toolconsulting.com\/wp-content\/uploads\/2025\/07\/impl.png\" class=\"attachment-full size-full wp-image-1250\" alt=\"\" srcset=\"https:\/\/toolconsulting.com\/wp-content\/uploads\/2025\/07\/impl.png 1200w, https:\/\/toolconsulting.com\/wp-content\/uploads\/2025\/07\/impl-300x200.png 300w, https:\/\/toolconsulting.com\/wp-content\/uploads\/2025\/07\/impl-1024x683.png 1024w, https:\/\/toolconsulting.com\/wp-content\/uploads\/2025\/07\/impl-768x512.png 768w\" sizes=\"(max-width: 1200px) 100vw, 1200px\" \/>\n                <\/div>\n                \n                <div class=\"elementskit-box-body ekit-image-box-body\">\n                    <div class=\"elementskit-box-content ekit-image-box-body-inner\">\n                                                <h3 class=\"elementskit-info-box-title\">\n\n                        Implementation\n                        \n                    <\/h3>\n                                                            <div class=\"elementskit-box-style-content\">\n                        From development to deployment: your complete business solution.                    <\/div>\n                                    <\/div>\n\n                            <\/div>\n            <\/div>\n    <\/div>\t\t\t\t<\/div>\n\t\t\t\t<\/div>\n\t\t<div class=\"elementor-element elementor-element-5d2ba9e e-con-full zoom-in e-flex e-con e-child\" data-id=\"5d2ba9e\" data-element_type=\"container\" data-e-type=\"container\" data-settings=\"{&quot;background_background&quot;:&quot;classic&quot;}\">\n\t\t\t\t<div class=\"elementor-element elementor-element-1a9020c ekit-equal-height-disable elementor-widget elementor-widget-elementskit-image-box\" data-id=\"1a9020c\" data-element_type=\"widget\" data-e-type=\"widget\" data-widget_type=\"elementskit-image-box.default\">\n\t\t\t\t\t<div class=\"ekit-wid-con\" >\n            <div class=\"elementskit-info-image-box ekit-image-box text-center simple-card\" >\n\n                \n                <div class=\"elementskit-box-header image-box-img-center\">\n\n                    <img loading=\"lazy\" decoding=\"async\" width=\"1200\" height=\"800\" src=\"https:\/\/toolconsulting.com\/wp-content\/uploads\/2025\/07\/sup.png\" class=\"attachment-full size-full wp-image-1254\" alt=\"\" srcset=\"https:\/\/toolconsulting.com\/wp-content\/uploads\/2025\/07\/sup.png 1200w, https:\/\/toolconsulting.com\/wp-content\/uploads\/2025\/07\/sup-300x200.png 300w, https:\/\/toolconsulting.com\/wp-content\/uploads\/2025\/07\/sup-1024x683.png 1024w, https:\/\/toolconsulting.com\/wp-content\/uploads\/2025\/07\/sup-768x512.png 768w\" sizes=\"(max-width: 1200px) 100vw, 1200px\" \/>\n                <\/div>\n                \n                <div class=\"elementskit-box-body ekit-image-box-body\">\n                    <div class=\"elementskit-box-content ekit-image-box-body-inner\">\n                                                <h3 class=\"elementskit-info-box-title\">\n\n                        Support\n                        \n                    <\/h3>\n                                                            <div class=\"elementskit-box-style-content\">\n                        Guiding and supporting your teams.                    <\/div>\n                                    <\/div>\n\n                            <\/div>\n            <\/div>\n    <\/div>\t\t\t\t<\/div>\n\t\t\t\t<\/div>\n\t\t\t\t<\/div>\n\t\t<div class=\"elementor-element elementor-element-efe6bc4 e-con-full frosted-glass e-flex e-con e-child\" data-id=\"efe6bc4\" data-element_type=\"container\" data-e-type=\"container\">\n\t\t\t\t<div class=\"elementor-element elementor-element-333dcc4 elementor-widget elementor-widget-elementskit-heading\" data-id=\"333dcc4\" data-element_type=\"widget\" data-e-type=\"widget\" data-widget_type=\"elementskit-heading.default\">\n\t\t\t\t\t<div class=\"ekit-wid-con\" ><div class=\"ekit-heading elementskit-section-title-wraper text_left   ekit_heading_tablet-   ekit_heading_mobile-\"><h1 class=\"ekit-heading--title elementskit-section-title\">TOOL Consulting<\/h1><h3 class=\"ekit-heading--subtitle elementskit-section-subtitle\">\n\t\t\t\t\t\tDigital transformation: more than technology, a human adventure.\n\t\t\t\t\t<\/h3><div class=\"ekit_heading_separetor_wraper ekit_heading_elementskit-border-divider ekit-dotted\"><div class=\"elementskit-border-divider ekit-dotted\"><\/div><\/div><\/div><\/div>\t\t\t\t<\/div>\n\t\t\t\t\t\t\t\t<p class=\"e-0c90216-cf34337 e-paragraph-base\" data-interaction-id=\"0c90216\"  >\n\t\t\t\t\t\t\t\tFrom any stage of digital maturity, we guide you through every step to deliver a successful and lasting digital transformation.\n\t\t\t\t\t<\/p>\n\t\t\t\t<div class=\"elementor-element elementor-element-c0c0e98 elementor-align-center elementor-widget elementor-widget-elementskit-button\" data-id=\"c0c0e98\" data-element_type=\"widget\" data-e-type=\"widget\" data-widget_type=\"elementskit-button.default\">\n\t\t\t\t\t<div class=\"ekit-wid-con\" >\t\t<div class=\"ekit-btn-wraper\">\n\t\t\t\t\t\t\t<a href=\"\/en\/ToolConsultingWebSite\/services\/\" class=\"elementskit-btn  whitespace--normal\" id=\"\">\n\t\t\t\t\tServices\t\t\t\t<\/a>\n\t\t\t\t\t<\/div>\n        <\/div>\t\t\t\t<\/div>\n\t\t\t\t<div class=\"elementor-element elementor-element-99cba0a elementor-widget-mobile__width-initial elementor-widget elementor-widget-image\" data-id=\"99cba0a\" data-element_type=\"widget\" data-e-type=\"widget\" data-widget_type=\"image.default\">\n\t\t\t\t\t\t\t\t\t\t\t\t\t\t\t<img loading=\"lazy\" decoding=\"async\" width=\"500\" height=\"500\" src=\"https:\/\/toolconsulting.com\/wp-content\/uploads\/2025\/07\/newlogo.png\" class=\"attachment-large size-large wp-image-1218\" alt=\"\" srcset=\"https:\/\/toolconsulting.com\/wp-content\/uploads\/2025\/07\/newlogo.png 500w, https:\/\/toolconsulting.com\/wp-content\/uploads\/2025\/07\/newlogo-300x300.png 300w, https:\/\/toolconsulting.com\/wp-content\/uploads\/2025\/07\/newlogo-150x150.png 150w\" sizes=\"(max-width: 500px) 100vw, 500px\" \/>\t\t\t\t\t\t\t\t\t\t\t\t\t\t\t<\/div>\n\t\t\t\t<\/div>\n\t\t\t\t<\/div>\n\t\t<div class=\"elementor-element elementor-element-da7a295 e-flex e-con-boxed e-con e-parent\" data-id=\"da7a295\" data-element_type=\"container\" data-e-type=\"container\" data-settings=\"{&quot;background_background&quot;:&quot;classic&quot;}\">\n\t\t\t\t\t<div class=\"e-con-inner\">\n\t\t<div class=\"elementor-element elementor-element-dd59d1e e-con-full e-flex e-con e-child\" data-id=\"dd59d1e\" data-element_type=\"container\" data-e-type=\"container\">\n\t\t\t\t<div class=\"elementor-element elementor-element-f0ea418 elementor-widget elementor-widget-elementskit-heading\" data-id=\"f0ea418\" data-element_type=\"widget\" data-e-type=\"widget\" data-widget_type=\"elementskit-heading.default\">\n\t\t\t\t\t<div class=\"ekit-wid-con\" ><div class=\"ekit-heading elementskit-section-title-wraper text_left   ekit_heading_tablet-   ekit_heading_mobile-\"><h1 class=\"ekit-heading--title elementskit-section-title  ekit-heading__title-has-border start\">Need advice, a brochure, or a quote?<\/h1><div class=\"ekit_heading_separetor_wraper ekit_heading_elementskit-border-divider ekit-dotted\"><div class=\"elementskit-border-divider ekit-dotted\"><\/div><\/div><\/div><\/div>\t\t\t\t<\/div>\n\t\t\t\t<\/div>\n\t\t<div class=\"elementor-element elementor-element-4e36fa9 e-con-full e-flex e-con e-child\" data-id=\"4e36fa9\" data-element_type=\"container\" data-e-type=\"container\">\n\t\t\t\t<div class=\"elementor-element elementor-element-3f2008e elementor-align-center elementor-widget elementor-widget-elementskit-button\" data-id=\"3f2008e\" data-element_type=\"widget\" data-e-type=\"widget\" data-widget_type=\"elementskit-button.default\">\n\t\t\t\t\t<div class=\"ekit-wid-con\" >\t\t<div class=\"ekit-btn-wraper\">\n\t\t\t\t\t\t\t<a href=\"\/en\/ToolConsultingWebSite\/contact\/\" class=\"elementskit-btn  whitespace--normal\" id=\"\">\n\t\t\t\t\tContact us\t\t\t\t<\/a>\n\t\t\t\t\t<\/div>\n        <\/div>\t\t\t\t<\/div>\n\t\t\t\t<\/div>\n\t\t\t\t\t<\/div>\n\t\t\t\t<\/div>\n\t\t\t\t<\/div>","protected":false},"excerpt":{"rendered":"<p>Soyez pr\u00eat pour le futur Engagez-vous sur le chemin de votre mutation technologique avec TOOL CONSULTING , le partenaire incontest\u00e9 de la transformation digitale Analyse 360\u00b0 Comprendre les enjeux de votre secteur et les tendances du march\u00e9. Innovation business \u00c9couter et aborder vos objectifs business. Impl\u00e9mentation D\u00e9veloppement, int\u00e9gration et d\u00e9ploiement de votre solution business. Support&#8230;<\/p>","protected":false},"author":1,"featured_media":0,"parent":0,"menu_order":0,"comment_status":"closed","ping_status":"closed","template":"","meta":{"om_disable_all_campaigns":false,"_monsterinsights_skip_tracking":false,"_monsterinsights_sitenote_active":false,"_monsterinsights_sitenote_note":"","_monsterinsights_sitenote_category":0,"_kad_post_transparent":"","_kad_post_title":"hide","_kad_post_layout":"fullwidth","_kad_post_sidebar_id":"","_kad_post_content_style":"unboxed","_kad_post_vertical_padding":"hide","_kad_post_feature":"hide","_kad_post_feature_position":"","_kad_post_header":false,"_kad_post_footer":false,"_kad_post_classname":"","footnotes":""},"class_list":["post-112","page","type-page","status-publish","hentry"],"aioseo_notices":[],"_links":{"self":[{"href":"https:\/\/toolconsulting.com\/en\/wp-json\/wp\/v2\/pages\/112","targetHints":{"allow":["GET"]}}],"collection":[{"href":"https:\/\/toolconsulting.com\/en\/wp-json\/wp\/v2\/pages"}],"about":[{"href":"https:\/\/toolconsulting.com\/en\/wp-json\/wp\/v2\/types\/page"}],"author":[{"embeddable":true,"href":"https:\/\/toolconsulting.com\/en\/wp-json\/wp\/v2\/users\/1"}],"replies":[{"embeddable":true,"href":"https:\/\/toolconsulting.com\/en\/wp-json\/wp\/v2\/comments?post=112"}],"version-history":[{"count":103,"href":"https:\/\/toolconsulting.com\/en\/wp-json\/wp\/v2\/pages\/112\/revisions"}],"predecessor-version":[{"id":1938,"href":"https:\/\/toolconsulting.com\/en\/wp-json\/wp\/v2\/pages\/112\/revisions\/1938"}],"wp:attachment":[{"href":"https:\/\/toolconsulting.com\/en\/wp-json\/wp\/v2\/media?parent=112"}],"curies":[{"name":"wp","href":"https:\/\/api.w.org\/{rel}","templated":true}]}}