{"id":245,"date":"2025-07-08T16:02:51","date_gmt":"2025-07-08T16:02:51","guid":{"rendered":"http:\/\/localhost\/ToolConsultingWebSite\/?page_id=245"},"modified":"2025-07-21T15:04:17","modified_gmt":"2025-07-21T15:04:17","slug":"microsoft-erp-crm-solutions","status":"publish","type":"page","link":"https:\/\/toolconsulting.com\/en\/microsoft-erp-crm-solutions\/","title":{"rendered":"Microsoft ERP &amp; CRM Solutions"},"content":{"rendered":"<div data-elementor-type=\"wp-page\" data-elementor-id=\"245\" class=\"elementor elementor-245\">\n\t\t\t\t<div class=\"elementor-element elementor-element-36fe00d e-flex e-con-boxed e-con e-parent\" data-id=\"36fe00d\" data-element_type=\"container\" data-e-type=\"container\" data-settings=\"{&quot;background_background&quot;:&quot;gradient&quot;}\">\n\t\t\t\t\t<div class=\"e-con-inner\">\n\t\t\t\t\t\t\t<h2 \n\t\tdata-interaction-id=\"5ddf959\" \n\t\tclass=\"e-5ddf959-129ce25 e-heading-base\" \n\t\t \n\t\t\n\t>\n\t\n\t\t\tMicrosoft ERP et CRM Solutions\n\t\t<\/h2>\n\t\t\t\t\t\t\t\t<p class=\"e-ba920ed-35ffaef e-paragraph-base\" data-interaction-id=\"ba920ed\"  >\n\t\t\t\t\t\t\t\tTOOLConsulting , a Microsoft Inner Circle partner, specializing in ERP and CRM solutions.\n\t\t\t\t\t<\/p>\n\t\t\t\t<div class=\"elementor-element elementor-element-04d79cf elementor-absolute animationFramesOne elementor-widget elementor-widget-image\" data-id=\"04d79cf\" data-element_type=\"widget\" data-e-type=\"widget\" data-settings=\"{&quot;_position&quot;:&quot;absolute&quot;}\" data-widget_type=\"image.default\">\n\t\t\t\t\t\t\t\t\t\t\t\t\t\t\t<img fetchpriority=\"high\" decoding=\"async\" width=\"1024\" height=\"576\" src=\"https:\/\/toolconsulting.com\/wp-content\/uploads\/2025\/07\/plus-Background-Removed-1024x576.png\" class=\"attachment-large size-large wp-image-303\" alt=\"\" srcset=\"https:\/\/toolconsulting.com\/wp-content\/uploads\/2025\/07\/plus-Background-Removed-1024x576.png 1024w, https:\/\/toolconsulting.com\/wp-content\/uploads\/2025\/07\/plus-Background-Removed-300x169.png 300w, https:\/\/toolconsulting.com\/wp-content\/uploads\/2025\/07\/plus-Background-Removed-768x432.png 768w, https:\/\/toolconsulting.com\/wp-content\/uploads\/2025\/07\/plus-Background-Removed.png 1280w\" sizes=\"(max-width: 1024px) 100vw, 1024px\" \/>\t\t\t\t\t\t\t\t\t\t\t\t\t\t\t<\/div>\n\t\t\t\t<div class=\"elementor-element elementor-element-b08340c elementor-absolute animationFramesOne elementor-widget elementor-widget-image\" data-id=\"b08340c\" data-element_type=\"widget\" data-e-type=\"widget\" data-settings=\"{&quot;_position&quot;:&quot;absolute&quot;}\" data-widget_type=\"image.default\">\n\t\t\t\t\t\t\t\t\t\t\t\t\t\t\t<img decoding=\"async\" width=\"1024\" height=\"576\" src=\"https:\/\/toolconsulting.com\/wp-content\/uploads\/2025\/07\/orangeplus-Background-Removed-1024x576.png\" class=\"attachment-large size-large wp-image-308\" alt=\"\" srcset=\"https:\/\/toolconsulting.com\/wp-content\/uploads\/2025\/07\/orangeplus-Background-Removed-1024x576.png 1024w, https:\/\/toolconsulting.com\/wp-content\/uploads\/2025\/07\/orangeplus-Background-Removed-300x169.png 300w, https:\/\/toolconsulting.com\/wp-content\/uploads\/2025\/07\/orangeplus-Background-Removed-768x432.png 768w, https:\/\/toolconsulting.com\/wp-content\/uploads\/2025\/07\/orangeplus-Background-Removed.png 1280w\" sizes=\"(max-width: 1024px) 100vw, 1024px\" \/>\t\t\t\t\t\t\t\t\t\t\t\t\t\t\t<\/div>\n\t\t\t\t\t<\/div>\n\t\t\t\t<\/div>\n\t\t<div class=\"elementor-element elementor-element-52dcaf2 e-flex e-con-boxed e-con e-parent\" data-id=\"52dcaf2\" data-element_type=\"container\" data-e-type=\"container\">\n\t\t\t\t\t<div class=\"e-con-inner\">\n\t\t\t\t\t\t\t\t<p class=\"e-c446ebc-657eefd e-paragraph-base\" data-interaction-id=\"c446ebc\"  >\n\t\t\t\t\t\t\t\tTo meet the needs of businesses of all sizes, Microsoft Dynamics provides two ERP solutions: Dynamics NAV, designed for small and medium-sized businesses, and Dynamics AX, tailored for large enterprises and multinationals.\n\t\t\t\t\t<\/p>\n\t\t\t\t\t<\/div>\n\t\t\t\t<\/div>\n\t\t<div class=\"elementor-element elementor-element-a15ee3e e-con-full e-flex e-con e-parent\" data-id=\"a15ee3e\" data-element_type=\"container\" data-e-type=\"container\">\n\t\t<div class=\"elementor-element elementor-element-9584cac e-con-full e-flex e-con e-child\" data-id=\"9584cac\" data-element_type=\"container\" data-e-type=\"container\">\n\t\t\t\t<div class=\"elementor-element elementor-element-65084f2 elementor-widget elementor-widget-elementskit-heading\" data-id=\"65084f2\" data-element_type=\"widget\" data-e-type=\"widget\" data-widget_type=\"elementskit-heading.default\">\n\t\t\t\t\t<div class=\"ekit-wid-con\" ><div class=\"ekit-heading elementskit-section-title-wraper text_left   ekit_heading_tablet-   ekit_heading_mobile-\"><h1 class=\"ekit-heading--title elementskit-section-title\">For TPE and PME<\/h1><div class=\"ekit_heading_separetor_wraper ekit_heading_elementskit-border-divider ekit-dotted\"><div class=\"elementskit-border-divider ekit-dotted\"><\/div><\/div><\/div><\/div>\t\t\t\t<\/div>\n\t\t\t\t\t\t\t\t<p class=\"e-a1be9fd-b854615 e-paragraph-base\" data-interaction-id=\"a1be9fd\"  >\n\t\t\t\t\t\t\t\tMicrosoft Dynamics NAV is an ERP solution built for small and medium-sized businesses to manage accounting, inventory, and cash flow. It empowers SMEs to improve responsiveness and stay competitive in today\u2019s fast-changing market.\n\t\t\t\t\t<\/p>\n\t\t\t\t<\/div>\n\t\t<div class=\"elementor-element elementor-element-2d22ae3 e-con-full e-flex e-con e-child\" data-id=\"2d22ae3\" data-element_type=\"container\" data-e-type=\"container\">\n\t\t\t\t<div class=\"elementor-element elementor-element-f8df23b elementor-widget elementor-widget-elementskit-heading\" data-id=\"f8df23b\" data-element_type=\"widget\" data-e-type=\"widget\" data-widget_type=\"elementskit-heading.default\">\n\t\t\t\t\t<div class=\"ekit-wid-con\" ><div class=\"ekit-heading elementskit-section-title-wraper text_left   ekit_heading_tablet-   ekit_heading_mobile-\"><h1 class=\"ekit-heading--title elementskit-section-title\">For large companies.<\/h1><div class=\"ekit_heading_separetor_wraper ekit_heading_elementskit-border-divider ekit-dotted\"><div class=\"elementskit-border-divider ekit-dotted\"><\/div><\/div><\/div><\/div>\t\t\t\t<\/div>\n\t\t\t\t\t\t\t\t<p class=\"e-4be039f-409d2e9 e-paragraph-base\" data-interaction-id=\"4be039f\"  >\n\t\t\t\t\t\t\t\tMicrosoft Dynamics AX is a global ERP solution with advanced capabilities in supply chain, manufacturing, professional services, and distribution \u2014 specifically designed for large enterprises and multinationals.\n\t\t\t\t\t<\/p>\n\t\t\t\t<\/div>\n\t\t\t\t<\/div>\n\t\t<div class=\"elementor-element elementor-element-0aa61c7 e-con-full e-flex e-con e-parent\" data-id=\"0aa61c7\" data-element_type=\"container\" data-e-type=\"container\" data-settings=\"{&quot;background_background&quot;:&quot;classic&quot;}\">\n\t\t<div class=\"elementor-element elementor-element-305f8a3 e-con-full frosted-glass e-flex e-con e-child\" data-id=\"305f8a3\" data-element_type=\"container\" data-e-type=\"container\">\n\t\t<div class=\"elementor-element elementor-element-464806e e-con-full e-flex e-con e-child\" data-id=\"464806e\" data-element_type=\"container\" data-e-type=\"container\">\n\t\t\t\t<div class=\"elementor-element elementor-element-2e775f7 elementor-widget elementor-widget-elementskit-heading\" data-id=\"2e775f7\" data-element_type=\"widget\" data-e-type=\"widget\" data-widget_type=\"elementskit-heading.default\">\n\t\t\t\t\t<div class=\"ekit-wid-con\" ><div class=\"ekit-heading elementskit-section-title-wraper text_left   ekit_heading_tablet-   ekit_heading_mobile-\"><h1 class=\"ekit-heading--title elementskit-section-title\">Microsoft Dynamics CRM: a complete solution for customer relationship management.<\/h1><div class=\"ekit_heading_separetor_wraper ekit_heading_elementskit-border-divider ekit-dotted\"><div class=\"elementskit-border-divider ekit-dotted\"><\/div><\/div><\/div><\/div>\t\t\t\t<\/div>\n\t\t\t\t\t\t\t\t<p class=\"e-4db832d-9a1627f e-paragraph-base\" data-interaction-id=\"4db832d\"  >\n\t\t\t\t\t\t\t\tBeyond ERP solutions, Microsoft Dynamics provides Microsoft Dynamics CRM \u2014 a powerful tool for managing customer and prospect interactions, executing marketing campaigns, handling sales pipelines and after-sales service, and delivering predictive insights to optimize customer management, boost engagement, and strengthen loyalty.\n\t\t\t\t\t<\/p>\n\t\t\t\t<\/div>\n\t\t<div class=\"elementor-element elementor-element-1255915 e-con-full e-flex e-con e-child\" data-id=\"1255915\" data-element_type=\"container\" data-e-type=\"container\">\n\t\t\t\t<div class=\"elementor-element elementor-element-4e7c2e1 zoom-in elementor-widget elementor-widget-image\" data-id=\"4e7c2e1\" data-element_type=\"widget\" data-e-type=\"widget\" data-widget_type=\"image.default\">\n\t\t\t\t\t\t\t\t\t\t\t\t\t\t\t<img decoding=\"async\" width=\"1024\" height=\"1024\" src=\"https:\/\/toolconsulting.com\/wp-content\/uploads\/2025\/07\/test.png\" class=\"attachment-large size-large wp-image-889\" alt=\"\" srcset=\"https:\/\/toolconsulting.com\/wp-content\/uploads\/2025\/07\/test.png 1024w, https:\/\/toolconsulting.com\/wp-content\/uploads\/2025\/07\/test-300x300.png 300w, https:\/\/toolconsulting.com\/wp-content\/uploads\/2025\/07\/test-150x150.png 150w, https:\/\/toolconsulting.com\/wp-content\/uploads\/2025\/07\/test-768x768.png 768w\" sizes=\"(max-width: 1024px) 100vw, 1024px\" \/>\t\t\t\t\t\t\t\t\t\t\t\t\t\t\t<\/div>\n\t\t\t\t<\/div>\n\t\t\t\t<\/div>\n\t\t\t\t<\/div>\n\t\t<div class=\"elementor-element elementor-element-a7265d5 e-flex e-con-boxed e-con e-parent\" data-id=\"a7265d5\" data-element_type=\"container\" data-e-type=\"container\" data-settings=\"{&quot;background_background&quot;:&quot;classic&quot;}\">\n\t\t\t\t\t<div class=\"e-con-inner\">\n\t\t<div class=\"elementor-element elementor-element-8307114 e-con-full e-flex e-con e-child\" data-id=\"8307114\" data-element_type=\"container\" data-e-type=\"container\">\n\t\t\t\t<div class=\"elementor-element elementor-element-1ee25ad elementor-widget elementor-widget-elementskit-heading\" data-id=\"1ee25ad\" data-element_type=\"widget\" data-e-type=\"widget\" data-widget_type=\"elementskit-heading.default\">\n\t\t\t\t\t<div class=\"ekit-wid-con\" ><div class=\"ekit-heading elementskit-section-title-wraper text_left   ekit_heading_tablet-   ekit_heading_mobile-\"><h1 class=\"ekit-heading--title elementskit-section-title  ekit-heading__title-has-border start\">Need advice, a brochure, or a quote? <\/span><\/span> ?<\/h1><div class=\"ekit_heading_separetor_wraper ekit_heading_elementskit-border-divider ekit-dotted\"><div class=\"elementskit-border-divider ekit-dotted\"><\/div><\/div><\/div><\/div>\t\t\t\t<\/div>\n\t\t\t\t<\/div>\n\t\t<div class=\"elementor-element elementor-element-4bf6cad e-con-full e-flex e-con e-child\" data-id=\"4bf6cad\" data-element_type=\"container\" data-e-type=\"container\">\n\t\t\t\t<div class=\"elementor-element elementor-element-4344a96 elementor-align-center elementor-widget elementor-widget-elementskit-button\" data-id=\"4344a96\" data-element_type=\"widget\" data-e-type=\"widget\" data-widget_type=\"elementskit-button.default\">\n\t\t\t\t\t<div class=\"ekit-wid-con\" >\t\t<div class=\"ekit-btn-wraper\">\n\t\t\t\t\t\t\t<a href=\"\/en\/ToolConsultingWebSite\/contact\/\" class=\"elementskit-btn  whitespace--normal\" id=\"\">\n\t\t\t\t\tContact us\t\t\t\t<\/a>\n\t\t\t\t\t<\/div>\n        <\/div>\t\t\t\t<\/div>\n\t\t\t\t<\/div>\n\t\t\t\t\t<\/div>\n\t\t\t\t<\/div>\n\t\t\t\t<\/div>","protected":false},"excerpt":{"rendered":"<p>Solutions Microsoft ERP et CRM TOOL CONSULTING, partenaire Inner Circle de Microsoft, sp\u00e9cialiste des solutions ERP et CRM de Microsoft Microsoft Dynamics propose deux solutions ERP distinctes pour r\u00e9pondre aux besoins des entreprises de diff\u00e9rentes tailles : Microsoft Dynamics NAV pour les petites et moyennes entreprises (PME) et Microsoft Dynamics AX pour les grandes entreprises&#8230;<\/p>","protected":false},"author":1,"featured_media":0,"parent":0,"menu_order":0,"comment_status":"closed","ping_status":"closed","template":"","meta":{"om_disable_all_campaigns":false,"_monsterinsights_skip_tracking":false,"_monsterinsights_sitenote_active":false,"_monsterinsights_sitenote_note":"","_monsterinsights_sitenote_category":0,"_kad_post_transparent":"","_kad_post_title":"hide","_kad_post_layout":"fullwidth","_kad_post_sidebar_id":"","_kad_post_content_style":"unboxed","_kad_post_vertical_padding":"hide","_kad_post_feature":"hide","_kad_post_feature_position":"","_kad_post_header":false,"_kad_post_footer":false,"_kad_post_classname":"","footnotes":""},"class_list":["post-245","page","type-page","status-publish","hentry"],"aioseo_notices":[],"_links":{"self":[{"href":"https:\/\/toolconsulting.com\/en\/wp-json\/wp\/v2\/pages\/245","targetHints":{"allow":["GET"]}}],"collection":[{"href":"https:\/\/toolconsulting.com\/en\/wp-json\/wp\/v2\/pages"}],"about":[{"href":"https:\/\/toolconsulting.com\/en\/wp-json\/wp\/v2\/types\/page"}],"author":[{"embeddable":true,"href":"https:\/\/toolconsulting.com\/en\/wp-json\/wp\/v2\/users\/1"}],"replies":[{"embeddable":true,"href":"https:\/\/toolconsulting.com\/en\/wp-json\/wp\/v2\/comments?post=245"}],"version-history":[{"count":64,"href":"https:\/\/toolconsulting.com\/en\/wp-json\/wp\/v2\/pages\/245\/revisions"}],"predecessor-version":[{"id":2065,"href":"https:\/\/toolconsulting.com\/en\/wp-json\/wp\/v2\/pages\/245\/revisions\/2065"}],"wp:attachment":[{"href":"https:\/\/toolconsulting.com\/en\/wp-json\/wp\/v2\/media?parent=245"}],"curies":[{"name":"wp","href":"https:\/\/api.w.org\/{rel}","templated":true}]}}