{"id":247,"date":"2025-07-08T16:03:23","date_gmt":"2025-07-08T16:03:23","guid":{"rendered":"http:\/\/localhost\/ToolConsultingWebSite\/?page_id=247"},"modified":"2025-07-21T15:14:24","modified_gmt":"2025-07-21T15:14:24","slug":"business-intelligence","status":"publish","type":"page","link":"https:\/\/toolconsulting.com\/en\/business-intelligence\/","title":{"rendered":"Business intelligence"},"content":{"rendered":"<div data-elementor-type=\"wp-page\" data-elementor-id=\"247\" class=\"elementor elementor-247\">\n\t\t\t\t<div class=\"elementor-element elementor-element-7127000 e-flex e-con-boxed e-con e-parent\" data-id=\"7127000\" data-element_type=\"container\" data-e-type=\"container\" data-settings=\"{&quot;background_background&quot;:&quot;gradient&quot;}\">\n\t\t\t\t\t<div class=\"e-con-inner\">\n\t\t\t\t\t\t\t<h2 \n\t\tdata-interaction-id=\"b2ee950\" \n\t\tclass=\"e-b2ee950-058d890 e-heading-base\" \n\t\t \n\t\t\n\t>\n\t\n\t\t\tBusiness Intelligence\n\t\t<\/h2>\n\t\t\t\t\t\t\t\t<p class=\"e-8b160b0-cfdeea9 e-paragraph-base\" data-interaction-id=\"8b160b0\"  >\n\t\t\t\t\t\t\t\tFind the solution designed for your business.\n\t\t\t\t\t<\/p>\n\t\t\t\t<div class=\"elementor-element elementor-element-840e8eb elementor-absolute animationFramesOne elementor-widget elementor-widget-image\" data-id=\"840e8eb\" data-element_type=\"widget\" data-e-type=\"widget\" data-settings=\"{&quot;_position&quot;:&quot;absolute&quot;}\" data-widget_type=\"image.default\">\n\t\t\t\t\t\t\t\t\t\t\t\t\t\t\t<img fetchpriority=\"high\" decoding=\"async\" width=\"1024\" height=\"576\" src=\"https:\/\/toolconsulting.com\/wp-content\/uploads\/2025\/07\/plus-Background-Removed-1024x576.png\" class=\"attachment-large size-large wp-image-303\" alt=\"\" srcset=\"https:\/\/toolconsulting.com\/wp-content\/uploads\/2025\/07\/plus-Background-Removed-1024x576.png 1024w, https:\/\/toolconsulting.com\/wp-content\/uploads\/2025\/07\/plus-Background-Removed-300x169.png 300w, https:\/\/toolconsulting.com\/wp-content\/uploads\/2025\/07\/plus-Background-Removed-768x432.png 768w, https:\/\/toolconsulting.com\/wp-content\/uploads\/2025\/07\/plus-Background-Removed.png 1280w\" sizes=\"(max-width: 1024px) 100vw, 1024px\" \/>\t\t\t\t\t\t\t\t\t\t\t\t\t\t\t<\/div>\n\t\t\t\t<div class=\"elementor-element elementor-element-3108756 elementor-absolute animationFramesOne elementor-widget elementor-widget-image\" data-id=\"3108756\" data-element_type=\"widget\" data-e-type=\"widget\" data-settings=\"{&quot;_position&quot;:&quot;absolute&quot;}\" data-widget_type=\"image.default\">\n\t\t\t\t\t\t\t\t\t\t\t\t\t\t\t<img decoding=\"async\" width=\"1024\" height=\"576\" src=\"https:\/\/toolconsulting.com\/wp-content\/uploads\/2025\/07\/orangeplus-Background-Removed-1024x576.png\" class=\"attachment-large size-large wp-image-308\" alt=\"\" srcset=\"https:\/\/toolconsulting.com\/wp-content\/uploads\/2025\/07\/orangeplus-Background-Removed-1024x576.png 1024w, https:\/\/toolconsulting.com\/wp-content\/uploads\/2025\/07\/orangeplus-Background-Removed-300x169.png 300w, https:\/\/toolconsulting.com\/wp-content\/uploads\/2025\/07\/orangeplus-Background-Removed-768x432.png 768w, https:\/\/toolconsulting.com\/wp-content\/uploads\/2025\/07\/orangeplus-Background-Removed.png 1280w\" sizes=\"(max-width: 1024px) 100vw, 1024px\" \/>\t\t\t\t\t\t\t\t\t\t\t\t\t\t\t<\/div>\n\t\t\t\t\t<\/div>\n\t\t\t\t<\/div>\n\t\t<div class=\"elementor-element elementor-element-96af5e1 e-con-full e-flex e-con e-parent\" data-id=\"96af5e1\" data-element_type=\"container\" data-e-type=\"container\" data-settings=\"{&quot;background_background&quot;:&quot;classic&quot;}\">\n\t\t<div class=\"elementor-element elementor-element-9e8b417 frosted-glass e-flex e-con-boxed e-con e-child\" data-id=\"9e8b417\" data-element_type=\"container\" data-e-type=\"container\">\n\t\t\t\t\t<div class=\"e-con-inner\">\n\t\t<div class=\"elementor-element elementor-element-1a27592 e-con-full e-flex e-con e-child\" data-id=\"1a27592\" data-element_type=\"container\" data-e-type=\"container\">\n\t\t\t\t<div class=\"elementor-element elementor-element-7943d63 elementor-widget elementor-widget-elementskit-heading\" data-id=\"7943d63\" data-element_type=\"widget\" data-e-type=\"widget\" data-widget_type=\"elementskit-heading.default\">\n\t\t\t\t\t<div class=\"ekit-wid-con\" ><div class=\"ekit-heading elementskit-section-title-wraper text_left   ekit_heading_tablet-   ekit_heading_mobile-\"><h1 class=\"ekit-heading--title elementskit-section-title\">Microsoft Power BI<\/h1><div class=\"ekit_heading_separetor_wraper ekit_heading_elementskit-border-divider ekit-dotted\"><div class=\"elementskit-border-divider ekit-dotted\"><\/div><\/div><\/div><\/div>\t\t\t\t<\/div>\n\t\t\t\t\t\t\t\t<p class=\"e-76ea98c-dd9c49b e-paragraph-base\" data-interaction-id=\"76ea98c\"  >\n\t\t\t\t\t\t\t\tEmpowering you to make rapid, data-driven decisions.\n\t\t\t\t\t<\/p>\n\t\t\t\t<div class=\"elementor-element elementor-element-248d370 elementor-align-left elementor-align--mobilecenter elementor-widget elementor-widget-elementskit-button\" data-id=\"248d370\" data-element_type=\"widget\" data-e-type=\"widget\" data-widget_type=\"elementskit-button.default\">\n\t\t\t\t\t<div class=\"ekit-wid-con\" >\t\t<div class=\"ekit-btn-wraper\">\n\t\t\t\t\t\t\t<a href=\"\/en\/ToolConsultingWebSite\/microsoft-power-bi\/\" class=\"elementskit-btn  whitespace--normal\" id=\"\">\n\t\t\t\t\tMore\t\t\t\t<\/a>\n\t\t\t\t\t<\/div>\n        <\/div>\t\t\t\t<\/div>\n\t\t\t\t<\/div>\n\t\t<div class=\"elementor-element elementor-element-69ff81b e-con-full e-flex e-con e-child\" data-id=\"69ff81b\" data-element_type=\"container\" data-e-type=\"container\">\n\t\t\t\t<div class=\"elementor-element elementor-element-0ae79e4 elementor-widget elementor-widget-image\" data-id=\"0ae79e4\" data-element_type=\"widget\" data-e-type=\"widget\" data-widget_type=\"image.default\">\n\t\t\t\t\t\t\t\t\t\t\t\t\t\t\t<img decoding=\"async\" width=\"683\" height=\"1024\" src=\"https:\/\/toolconsulting.com\/wp-content\/uploads\/2025\/07\/lundi10-683x1024.png\" class=\"attachment-large size-large wp-image-885\" alt=\"\" srcset=\"https:\/\/toolconsulting.com\/wp-content\/uploads\/2025\/07\/lundi10-683x1024.png 683w, https:\/\/toolconsulting.com\/wp-content\/uploads\/2025\/07\/lundi10-200x300.png 200w, https:\/\/toolconsulting.com\/wp-content\/uploads\/2025\/07\/lundi10-768x1152.png 768w, https:\/\/toolconsulting.com\/wp-content\/uploads\/2025\/07\/lundi10.png 1024w\" sizes=\"(max-width: 683px) 100vw, 683px\" \/>\t\t\t\t\t\t\t\t\t\t\t\t\t\t\t<\/div>\n\t\t\t\t<\/div>\n\t\t\t\t\t<\/div>\n\t\t\t\t<\/div>\n\t\t\t\t<\/div>\n\t\t<div class=\"elementor-element elementor-element-9d7a920 e-flex e-con-boxed e-con e-parent\" data-id=\"9d7a920\" data-element_type=\"container\" data-e-type=\"container\" data-settings=\"{&quot;background_background&quot;:&quot;classic&quot;}\">\n\t\t\t\t\t<div class=\"e-con-inner\">\n\t\t<div class=\"elementor-element elementor-element-38b6915 e-con-full e-flex e-con e-child\" data-id=\"38b6915\" data-element_type=\"container\" data-e-type=\"container\">\n\t\t\t\t<div class=\"elementor-element elementor-element-fbb1c9d elementor-widget elementor-widget-elementskit-heading\" data-id=\"fbb1c9d\" data-element_type=\"widget\" data-e-type=\"widget\" data-widget_type=\"elementskit-heading.default\">\n\t\t\t\t\t<div class=\"ekit-wid-con\" ><div class=\"ekit-heading elementskit-section-title-wraper text_left   ekit_heading_tablet-   ekit_heading_mobile-\"><h1 class=\"ekit-heading--title elementskit-section-title  ekit-heading__title-has-border start\">Need advice, a brochure, or a quote? <\/span><\/span> ?<\/h1><div class=\"ekit_heading_separetor_wraper ekit_heading_elementskit-border-divider ekit-dotted\"><div class=\"elementskit-border-divider ekit-dotted\"><\/div><\/div><\/div><\/div>\t\t\t\t<\/div>\n\t\t\t\t<\/div>\n\t\t<div class=\"elementor-element elementor-element-c1688ec e-con-full e-flex e-con e-child\" data-id=\"c1688ec\" data-element_type=\"container\" data-e-type=\"container\">\n\t\t\t\t<div class=\"elementor-element elementor-element-86db1fa elementor-align-center elementor-widget elementor-widget-elementskit-button\" data-id=\"86db1fa\" data-element_type=\"widget\" data-e-type=\"widget\" data-widget_type=\"elementskit-button.default\">\n\t\t\t\t\t<div class=\"ekit-wid-con\" >\t\t<div class=\"ekit-btn-wraper\">\n\t\t\t\t\t\t\t<a href=\"\/en\/ToolConsultingWebSite\/contact\/\" class=\"elementskit-btn  whitespace--normal\" id=\"\">\n\t\t\t\t\tContact us\t\t\t\t<\/a>\n\t\t\t\t\t<\/div>\n        <\/div>\t\t\t\t<\/div>\n\t\t\t\t<\/div>\n\t\t\t\t\t<\/div>\n\t\t\t\t<\/div>\n\t\t\t\t<\/div>","protected":false},"excerpt":{"rendered":"<p>Business Intelligence Trouvez la solution faite pour vous Microsoft Power BI Prenez des d\u00e9cisions rapides et \u00e9clair\u00e9es gr\u00e2ce \u00e0 vos donn\u00e9es Voir Plus Besoin d\u2019un conseil, une brochure,un devis ? Contactez nous<\/p>","protected":false},"author":1,"featured_media":0,"parent":0,"menu_order":0,"comment_status":"closed","ping_status":"closed","template":"","meta":{"om_disable_all_campaigns":false,"_monsterinsights_skip_tracking":false,"_monsterinsights_sitenote_active":false,"_monsterinsights_sitenote_note":"","_monsterinsights_sitenote_category":0,"_kad_post_transparent":"","_kad_post_title":"hide","_kad_post_layout":"fullwidth","_kad_post_sidebar_id":"","_kad_post_content_style":"unboxed","_kad_post_vertical_padding":"hide","_kad_post_feature":"hide","_kad_post_feature_position":"","_kad_post_header":false,"_kad_post_footer":false,"_kad_post_classname":"","footnotes":""},"class_list":["post-247","page","type-page","status-publish","hentry"],"aioseo_notices":[],"_links":{"self":[{"href":"https:\/\/toolconsulting.com\/en\/wp-json\/wp\/v2\/pages\/247","targetHints":{"allow":["GET"]}}],"collection":[{"href":"https:\/\/toolconsulting.com\/en\/wp-json\/wp\/v2\/pages"}],"about":[{"href":"https:\/\/toolconsulting.com\/en\/wp-json\/wp\/v2\/types\/page"}],"author":[{"embeddable":true,"href":"https:\/\/toolconsulting.com\/en\/wp-json\/wp\/v2\/users\/1"}],"replies":[{"embeddable":true,"href":"https:\/\/toolconsulting.com\/en\/wp-json\/wp\/v2\/comments?post=247"}],"version-history":[{"count":49,"href":"https:\/\/toolconsulting.com\/en\/wp-json\/wp\/v2\/pages\/247\/revisions"}],"predecessor-version":[{"id":2075,"href":"https:\/\/toolconsulting.com\/en\/wp-json\/wp\/v2\/pages\/247\/revisions\/2075"}],"wp:attachment":[{"href":"https:\/\/toolconsulting.com\/en\/wp-json\/wp\/v2\/media?parent=247"}],"curies":[{"name":"wp","href":"https:\/\/api.w.org\/{rel}","templated":true}]}}