{"id":251,"date":"2025-07-08T16:04:36","date_gmt":"2025-07-08T16:04:36","guid":{"rendered":"http:\/\/localhost\/ToolConsultingWebSite\/?page_id=251"},"modified":"2025-07-21T15:32:58","modified_gmt":"2025-07-21T15:32:58","slug":"productivite-et-collaboration","status":"publish","type":"page","link":"https:\/\/toolconsulting.com\/en\/productivite-et-collaboration\/","title":{"rendered":"Collaboration and productivity"},"content":{"rendered":"<div data-elementor-type=\"wp-page\" data-elementor-id=\"251\" class=\"elementor elementor-251\">\n\t\t\t\t<div class=\"elementor-element elementor-element-2e3a0b3 e-flex e-con-boxed e-con e-parent\" data-id=\"2e3a0b3\" data-element_type=\"container\" data-e-type=\"container\" data-settings=\"{&quot;background_background&quot;:&quot;gradient&quot;}\">\n\t\t\t\t\t<div class=\"e-con-inner\">\n\t\t\t\t\t\t\t<h2 \n\t\tdata-interaction-id=\"83644f5\" \n\t\tclass=\"e-83644f5-629d1d4 e-heading-base\" \n\t\t \n\t\t\n\t>\n\t\n\t\t\tCollaboration and productivity\n\t\t<\/h2>\n\t\t\t\t<div class=\"elementor-element elementor-element-26e518d elementor-absolute animationFramesOne elementor-widget elementor-widget-image\" data-id=\"26e518d\" data-element_type=\"widget\" data-e-type=\"widget\" data-settings=\"{&quot;_position&quot;:&quot;absolute&quot;}\" data-widget_type=\"image.default\">\n\t\t\t\t\t\t\t\t\t\t\t\t\t\t\t<img fetchpriority=\"high\" decoding=\"async\" width=\"1024\" height=\"576\" src=\"https:\/\/toolconsulting.com\/wp-content\/uploads\/2025\/07\/plus-Background-Removed-1024x576.png\" class=\"attachment-large size-large wp-image-303\" alt=\"\" srcset=\"https:\/\/toolconsulting.com\/wp-content\/uploads\/2025\/07\/plus-Background-Removed-1024x576.png 1024w, https:\/\/toolconsulting.com\/wp-content\/uploads\/2025\/07\/plus-Background-Removed-300x169.png 300w, https:\/\/toolconsulting.com\/wp-content\/uploads\/2025\/07\/plus-Background-Removed-768x432.png 768w, https:\/\/toolconsulting.com\/wp-content\/uploads\/2025\/07\/plus-Background-Removed.png 1280w\" sizes=\"(max-width: 1024px) 100vw, 1024px\" \/>\t\t\t\t\t\t\t\t\t\t\t\t\t\t\t<\/div>\n\t\t\t\t<div class=\"elementor-element elementor-element-e71b585 elementor-absolute animationFramesOne elementor-widget elementor-widget-image\" data-id=\"e71b585\" data-element_type=\"widget\" data-e-type=\"widget\" data-settings=\"{&quot;_position&quot;:&quot;absolute&quot;}\" data-widget_type=\"image.default\">\n\t\t\t\t\t\t\t\t\t\t\t\t\t\t\t<img decoding=\"async\" width=\"1024\" height=\"576\" src=\"https:\/\/toolconsulting.com\/wp-content\/uploads\/2025\/07\/orangeplus-Background-Removed-1024x576.png\" class=\"attachment-large size-large wp-image-308\" alt=\"\" srcset=\"https:\/\/toolconsulting.com\/wp-content\/uploads\/2025\/07\/orangeplus-Background-Removed-1024x576.png 1024w, https:\/\/toolconsulting.com\/wp-content\/uploads\/2025\/07\/orangeplus-Background-Removed-300x169.png 300w, https:\/\/toolconsulting.com\/wp-content\/uploads\/2025\/07\/orangeplus-Background-Removed-768x432.png 768w, https:\/\/toolconsulting.com\/wp-content\/uploads\/2025\/07\/orangeplus-Background-Removed.png 1280w\" sizes=\"(max-width: 1024px) 100vw, 1024px\" \/>\t\t\t\t\t\t\t\t\t\t\t\t\t\t\t<\/div>\n\t\t\t\t\t<\/div>\n\t\t\t\t<\/div>\n\t\t<div class=\"elementor-element elementor-element-5d67009 e-con-full e-flex e-con e-parent\" data-id=\"5d67009\" data-element_type=\"container\" data-e-type=\"container\" data-settings=\"{&quot;background_background&quot;:&quot;classic&quot;}\">\n\t\t<div class=\"elementor-element elementor-element-a2001b8 e-con-full zoom-in frosted-glass e-flex e-con e-child\" data-id=\"a2001b8\" data-element_type=\"container\" data-e-type=\"container\">\n\t\t\t\t<div class=\"elementor-element elementor-element-a1c64fe ekit-equal-height-disable elementor-widget elementor-widget-elementskit-image-box\" data-id=\"a1c64fe\" data-element_type=\"widget\" data-e-type=\"widget\" data-widget_type=\"elementskit-image-box.default\">\n\t\t\t\t\t<div class=\"ekit-wid-con\" >\n            <div class=\"elementskit-info-image-box ekit-image-box text-center simple-card\" >\n\n                \n                <div class=\"elementskit-box-header image-box-img-center\">\n\n                    <img decoding=\"async\" width=\"1200\" height=\"800\" src=\"https:\/\/toolconsulting.com\/wp-content\/uploads\/2025\/07\/microoffice.png\" class=\"attachment-full size-full wp-image-1057\" alt=\"\" srcset=\"https:\/\/toolconsulting.com\/wp-content\/uploads\/2025\/07\/microoffice.png 1200w, https:\/\/toolconsulting.com\/wp-content\/uploads\/2025\/07\/microoffice-300x200.png 300w, https:\/\/toolconsulting.com\/wp-content\/uploads\/2025\/07\/microoffice-1024x683.png 1024w, https:\/\/toolconsulting.com\/wp-content\/uploads\/2025\/07\/microoffice-768x512.png 768w\" sizes=\"(max-width: 1200px) 100vw, 1200px\" \/>\n                <\/div>\n                \n                <div class=\"elementskit-box-body ekit-image-box-body\">\n                    <div class=\"elementskit-box-content ekit-image-box-body-inner\">\n                                                <h3 class=\"elementskit-info-box-title\">\n\n                        Microsoft Office 365\n                        \n                    <\/h3>\n                                                            <div class=\"elementskit-box-style-content\">\n                        Enhance productivity across all locations and devices.                    <\/div>\n                                    <\/div>\n\n                                <div class=\"elementskit-box-footer\">\n                    <div class=\"box-footer\">\n                        <div class=\"btn-wraper\">\n                                                            <a href=\"\/en\/ToolConsultingWebSite\/microsoft-office-365\/\" class=\"elementskit-btn whitespace--normal\">\n                                    \n                                    \n                                    More                                <\/a>\n                                                        <\/div>\n                    <\/div>\n                <\/div>\n                            <\/div>\n            <\/div>\n    <\/div>\t\t\t\t<\/div>\n\t\t\t\t<\/div>\n\t\t<div class=\"elementor-element elementor-element-7c1ae07 e-con-full zoom-in frosted-glass e-flex e-con e-child\" data-id=\"7c1ae07\" data-element_type=\"container\" data-e-type=\"container\">\n\t\t\t\t<div class=\"elementor-element elementor-element-89ad33f ekit-equal-height-disable elementor-widget elementor-widget-elementskit-image-box\" data-id=\"89ad33f\" data-element_type=\"widget\" data-e-type=\"widget\" data-widget_type=\"elementskit-image-box.default\">\n\t\t\t\t\t<div class=\"ekit-wid-con\" >\n            <div class=\"elementskit-info-image-box ekit-image-box text-center simple-card\" >\n\n                \n                <div class=\"elementskit-box-header image-box-img-center\">\n\n                    <img loading=\"lazy\" decoding=\"async\" width=\"1200\" height=\"800\" src=\"https:\/\/toolconsulting.com\/wp-content\/uploads\/2025\/07\/office2.png\" class=\"attachment-full size-full wp-image-1062\" alt=\"\" srcset=\"https:\/\/toolconsulting.com\/wp-content\/uploads\/2025\/07\/office2.png 1200w, https:\/\/toolconsulting.com\/wp-content\/uploads\/2025\/07\/office2-300x200.png 300w, https:\/\/toolconsulting.com\/wp-content\/uploads\/2025\/07\/office2-1024x683.png 1024w, https:\/\/toolconsulting.com\/wp-content\/uploads\/2025\/07\/office2-768x512.png 768w\" sizes=\"(max-width: 1200px) 100vw, 1200px\" \/>\n                <\/div>\n                \n                <div class=\"elementskit-box-body ekit-image-box-body\">\n                    <div class=\"elementskit-box-content ekit-image-box-body-inner\">\n                                                <h3 class=\"elementskit-info-box-title\">\n\n                        Microsoft 365 \n                        \n                    <\/h3>\n                                                            <div class=\"elementskit-box-style-content\">\n                        With Microsoft 365, companies of all sizes \u2014 from SMEs to large enterprises \u2014 gain access to a comprehensive suite of productivity applications and cloud services.                    <\/div>\n                                    <\/div>\n\n                                <div class=\"elementskit-box-footer\">\n                    <div class=\"box-footer\">\n                        <div class=\"btn-wraper\">\n                                                            <a href=\"\/en\/ToolConsultingWebSite\/microsoft-365\/\" class=\"elementskit-btn whitespace--normal\">\n                                    \n                                    \n                                    More                                <\/a>\n                                                        <\/div>\n                    <\/div>\n                <\/div>\n                            <\/div>\n            <\/div>\n    <\/div>\t\t\t\t<\/div>\n\t\t\t\t<\/div>\n\t\t<div class=\"elementor-element elementor-element-b220338 e-con-full zoom-in frosted-glass e-flex e-con e-child\" data-id=\"b220338\" data-element_type=\"container\" data-e-type=\"container\">\n\t\t\t\t<div class=\"elementor-element elementor-element-4834ec9 ekit-equal-height-disable elementor-widget elementor-widget-elementskit-image-box\" data-id=\"4834ec9\" data-element_type=\"widget\" data-e-type=\"widget\" data-widget_type=\"elementskit-image-box.default\">\n\t\t\t\t\t<div class=\"ekit-wid-con\" >\n            <div class=\"elementskit-info-image-box ekit-image-box text-center simple-card\" >\n\n                \n                <div class=\"elementskit-box-header image-box-img-center\">\n\n                    <img loading=\"lazy\" decoding=\"async\" width=\"1200\" height=\"800\" src=\"https:\/\/toolconsulting.com\/wp-content\/uploads\/2025\/07\/power.png\" class=\"attachment-full size-full wp-image-1066\" alt=\"\" srcset=\"https:\/\/toolconsulting.com\/wp-content\/uploads\/2025\/07\/power.png 1200w, https:\/\/toolconsulting.com\/wp-content\/uploads\/2025\/07\/power-300x200.png 300w, https:\/\/toolconsulting.com\/wp-content\/uploads\/2025\/07\/power-1024x683.png 1024w, https:\/\/toolconsulting.com\/wp-content\/uploads\/2025\/07\/power-768x512.png 768w\" sizes=\"(max-width: 1200px) 100vw, 1200px\" \/>\n                <\/div>\n                \n                <div class=\"elementskit-box-body ekit-image-box-body\">\n                    <div class=\"elementskit-box-content ekit-image-box-body-inner\">\n                                                <h3 class=\"elementskit-info-box-title\">\n\n                        Microsoft Power Plateform\n                        \n                    <\/h3>\n                                                            <div class=\"elementskit-box-style-content\">\n                        Enhance operational efficiency by optimizing business processes with intuitive applications available anywhere through Microsoft Power Platform.                    <\/div>\n                                    <\/div>\n\n                                <div class=\"elementskit-box-footer\">\n                    <div class=\"box-footer\">\n                        <div class=\"btn-wraper\">\n                                                            <a href=\"\/en\/ToolConsultingWebSite\/microsoft-power-platform\/\" class=\"elementskit-btn whitespace--normal\">\n                                    \n                                    \n                                    More                                <\/a>\n                                                        <\/div>\n                    <\/div>\n                <\/div>\n                            <\/div>\n            <\/div>\n    <\/div>\t\t\t\t<\/div>\n\t\t\t\t<\/div>\n\t\t\t\t<\/div>\n\t\t<div class=\"elementor-element elementor-element-d260d94 e-flex e-con-boxed e-con e-parent\" data-id=\"d260d94\" data-element_type=\"container\" data-e-type=\"container\" data-settings=\"{&quot;background_background&quot;:&quot;classic&quot;}\">\n\t\t\t\t\t<div class=\"e-con-inner\">\n\t\t<div class=\"elementor-element elementor-element-9cf3e66 e-con-full e-flex e-con e-child\" data-id=\"9cf3e66\" data-element_type=\"container\" data-e-type=\"container\">\n\t\t\t\t<div class=\"elementor-element elementor-element-bc1218c elementor-widget elementor-widget-elementskit-heading\" data-id=\"bc1218c\" data-element_type=\"widget\" data-e-type=\"widget\" data-widget_type=\"elementskit-heading.default\">\n\t\t\t\t\t<div class=\"ekit-wid-con\" ><div class=\"ekit-heading elementskit-section-title-wraper text_left   ekit_heading_tablet-   ekit_heading_mobile-\"><h1 class=\"ekit-heading--title elementskit-section-title  ekit-heading__title-has-border start\">Need advice, a brochure, or a quote?<\/h1><div class=\"ekit_heading_separetor_wraper ekit_heading_elementskit-border-divider ekit-dotted\"><div class=\"elementskit-border-divider ekit-dotted\"><\/div><\/div><\/div><\/div>\t\t\t\t<\/div>\n\t\t\t\t<\/div>\n\t\t<div class=\"elementor-element elementor-element-dbc6552 e-con-full e-flex e-con e-child\" data-id=\"dbc6552\" data-element_type=\"container\" data-e-type=\"container\">\n\t\t\t\t<div class=\"elementor-element elementor-element-26b8502 elementor-align-center elementor-widget elementor-widget-elementskit-button\" data-id=\"26b8502\" data-element_type=\"widget\" data-e-type=\"widget\" data-widget_type=\"elementskit-button.default\">\n\t\t\t\t\t<div class=\"ekit-wid-con\" >\t\t<div class=\"ekit-btn-wraper\">\n\t\t\t\t\t\t\t<a href=\"\/en\/ToolConsultingWebSite\/contact\/\" class=\"elementskit-btn  whitespace--normal\" id=\"\">\n\t\t\t\t\tContact us\t\t\t\t<\/a>\n\t\t\t\t\t<\/div>\n        <\/div>\t\t\t\t<\/div>\n\t\t\t\t<\/div>\n\t\t\t\t\t<\/div>\n\t\t\t\t<\/div>\n\t\t\t\t<\/div>","protected":false},"excerpt":{"rendered":"<p>Productivit\u00e9 et collaboration Microsoft Office 365 Gagnez en productivit\u00e9 o\u00f9 que vous soyez et sur tout type d\u2019appareil Voir Plus Microsoft 365 Microsoft 365 propose un service complet d\u2019applications de productivit\u00e9 et de services cloud pour PME et grandes entreprises Voir Plus Microsoft Power Plateform Optimisez vos processus m\u00e9tier avec des applications intuitives, o\u00f9 que&#8230;<\/p>","protected":false},"author":1,"featured_media":0,"parent":0,"menu_order":0,"comment_status":"closed","ping_status":"closed","template":"","meta":{"om_disable_all_campaigns":false,"_monsterinsights_skip_tracking":false,"_monsterinsights_sitenote_active":false,"_monsterinsights_sitenote_note":"","_monsterinsights_sitenote_category":0,"_kad_post_transparent":"","_kad_post_title":"hide","_kad_post_layout":"fullwidth","_kad_post_sidebar_id":"","_kad_post_content_style":"unboxed","_kad_post_vertical_padding":"hide","_kad_post_feature":"hide","_kad_post_feature_position":"","_kad_post_header":false,"_kad_post_footer":false,"_kad_post_classname":"","footnotes":""},"class_list":["post-251","page","type-page","status-publish","hentry"],"aioseo_notices":[],"_links":{"self":[{"href":"https:\/\/toolconsulting.com\/en\/wp-json\/wp\/v2\/pages\/251","targetHints":{"allow":["GET"]}}],"collection":[{"href":"https:\/\/toolconsulting.com\/en\/wp-json\/wp\/v2\/pages"}],"about":[{"href":"https:\/\/toolconsulting.com\/en\/wp-json\/wp\/v2\/types\/page"}],"author":[{"embeddable":true,"href":"https:\/\/toolconsulting.com\/en\/wp-json\/wp\/v2\/users\/1"}],"replies":[{"embeddable":true,"href":"https:\/\/toolconsulting.com\/en\/wp-json\/wp\/v2\/comments?post=251"}],"version-history":[{"count":55,"href":"https:\/\/toolconsulting.com\/en\/wp-json\/wp\/v2\/pages\/251\/revisions"}],"predecessor-version":[{"id":2103,"href":"https:\/\/toolconsulting.com\/en\/wp-json\/wp\/v2\/pages\/251\/revisions\/2103"}],"wp:attachment":[{"href":"https:\/\/toolconsulting.com\/en\/wp-json\/wp\/v2\/media?parent=251"}],"curies":[{"name":"wp","href":"https:\/\/api.w.org\/{rel}","templated":true}]}}