{"id":259,"date":"2025-07-08T16:07:26","date_gmt":"2025-07-08T16:07:26","guid":{"rendered":"http:\/\/localhost\/ToolConsultingWebSite\/?page_id=259"},"modified":"2025-07-22T09:46:23","modified_gmt":"2025-07-22T09:46:23","slug":"solutions-dinfrastructure","status":"publish","type":"page","link":"https:\/\/toolconsulting.com\/en\/solutions-dinfrastructure\/","title":{"rendered":"Infrastructure Solutions"},"content":{"rendered":"<div data-elementor-type=\"wp-page\" data-elementor-id=\"259\" class=\"elementor elementor-259\">\n\t\t\t\t<div class=\"elementor-element elementor-element-73f5ad5 e-flex e-con-boxed e-con e-parent\" data-id=\"73f5ad5\" data-element_type=\"container\" data-e-type=\"container\" data-settings=\"{&quot;background_background&quot;:&quot;gradient&quot;}\">\n\t\t\t\t\t<div class=\"e-con-inner\">\n\t\t\t\t\t\t\t<h2 \n\t\tdata-interaction-id=\"314ce73\" \n\t\tclass=\"e-314ce73-c6b848d e-heading-base\" \n\t\t \n\t\t\n\t>\n\t\n\t\t\tInfrastructure Solutions\n\t\t<\/h2>\n\t\t\t\t\t\t\t\t<p class=\"e-a4491bf-aaa36b2 e-paragraph-base\" data-interaction-id=\"a4491bf\"  >\n\t\t\t\t\t\t\t\tFind the solution designed for your business.\n\t\t\t\t\t<\/p>\n\t\t\t\t<div class=\"elementor-element elementor-element-1f4090f elementor-absolute animationFramesOne elementor-widget elementor-widget-image\" data-id=\"1f4090f\" data-element_type=\"widget\" data-e-type=\"widget\" data-settings=\"{&quot;_position&quot;:&quot;absolute&quot;}\" data-widget_type=\"image.default\">\n\t\t\t\t\t\t\t\t\t\t\t\t\t\t\t<img fetchpriority=\"high\" decoding=\"async\" width=\"1024\" height=\"576\" src=\"https:\/\/toolconsulting.com\/wp-content\/uploads\/2025\/07\/plus-Background-Removed-1024x576.png\" class=\"attachment-large size-large wp-image-303\" alt=\"\" srcset=\"https:\/\/toolconsulting.com\/wp-content\/uploads\/2025\/07\/plus-Background-Removed-1024x576.png 1024w, https:\/\/toolconsulting.com\/wp-content\/uploads\/2025\/07\/plus-Background-Removed-300x169.png 300w, https:\/\/toolconsulting.com\/wp-content\/uploads\/2025\/07\/plus-Background-Removed-768x432.png 768w, https:\/\/toolconsulting.com\/wp-content\/uploads\/2025\/07\/plus-Background-Removed.png 1280w\" sizes=\"(max-width: 1024px) 100vw, 1024px\" \/>\t\t\t\t\t\t\t\t\t\t\t\t\t\t\t<\/div>\n\t\t\t\t<div class=\"elementor-element elementor-element-6ce0743 elementor-absolute animationFramesOne elementor-widget elementor-widget-image\" data-id=\"6ce0743\" data-element_type=\"widget\" data-e-type=\"widget\" data-settings=\"{&quot;_position&quot;:&quot;absolute&quot;}\" data-widget_type=\"image.default\">\n\t\t\t\t\t\t\t\t\t\t\t\t\t\t\t<img decoding=\"async\" width=\"1024\" height=\"576\" src=\"https:\/\/toolconsulting.com\/wp-content\/uploads\/2025\/07\/orangeplus-Background-Removed-1024x576.png\" class=\"attachment-large size-large wp-image-308\" alt=\"\" srcset=\"https:\/\/toolconsulting.com\/wp-content\/uploads\/2025\/07\/orangeplus-Background-Removed-1024x576.png 1024w, https:\/\/toolconsulting.com\/wp-content\/uploads\/2025\/07\/orangeplus-Background-Removed-300x169.png 300w, https:\/\/toolconsulting.com\/wp-content\/uploads\/2025\/07\/orangeplus-Background-Removed-768x432.png 768w, https:\/\/toolconsulting.com\/wp-content\/uploads\/2025\/07\/orangeplus-Background-Removed.png 1280w\" sizes=\"(max-width: 1024px) 100vw, 1024px\" \/>\t\t\t\t\t\t\t\t\t\t\t\t\t\t\t<\/div>\n\t\t\t\t\t<\/div>\n\t\t\t\t<\/div>\n\t\t<div class=\"elementor-element elementor-element-551b9bf e-con-full e-flex e-con e-parent\" data-id=\"551b9bf\" data-element_type=\"container\" data-e-type=\"container\" data-settings=\"{&quot;background_background&quot;:&quot;classic&quot;}\">\n\t\t<div class=\"elementor-element elementor-element-2160e3a e-con-full zoom-in frosted-glass e-flex e-con e-child\" data-id=\"2160e3a\" data-element_type=\"container\" data-e-type=\"container\">\n\t\t\t\t<div class=\"elementor-element elementor-element-3c67a75 ekit-equal-height-disable elementor-widget elementor-widget-elementskit-image-box\" data-id=\"3c67a75\" data-element_type=\"widget\" data-e-type=\"widget\" data-widget_type=\"elementskit-image-box.default\">\n\t\t\t\t\t<div class=\"ekit-wid-con\" >\n            <div class=\"elementskit-info-image-box ekit-image-box text-center simple-card\" >\n\n                \n                <div class=\"elementskit-box-header image-box-img-center\">\n\n                    <img decoding=\"async\" width=\"1200\" height=\"800\" src=\"https:\/\/toolconsulting.com\/wp-content\/uploads\/2025\/07\/azure2.png\" class=\"attachment-full size-full wp-image-1437\" alt=\"\" srcset=\"https:\/\/toolconsulting.com\/wp-content\/uploads\/2025\/07\/azure2.png 1200w, https:\/\/toolconsulting.com\/wp-content\/uploads\/2025\/07\/azure2-300x200.png 300w, https:\/\/toolconsulting.com\/wp-content\/uploads\/2025\/07\/azure2-1024x683.png 1024w, https:\/\/toolconsulting.com\/wp-content\/uploads\/2025\/07\/azure2-768x512.png 768w\" sizes=\"(max-width: 1200px) 100vw, 1200px\" \/>\n                <\/div>\n                \n                <div class=\"elementskit-box-body ekit-image-box-body\">\n                    <div class=\"elementskit-box-content ekit-image-box-body-inner\">\n                                                <h3 class=\"elementskit-info-box-title\">\n\n                        Microsoft Azure\n                        \n                    <\/h3>\n                                                            <div class=\"elementskit-box-style-content\">\n                        A reliable cloud solution with built-in flexibility and security                     <\/div>\n                                    <\/div>\n\n                                <div class=\"elementskit-box-footer\">\n                    <div class=\"box-footer\">\n                        <div class=\"btn-wraper\">\n                                                            <a href=\"\/en\/ToolConsultingWebSite\/microsoft-azure\/\" class=\"elementskit-btn whitespace--normal\">\n                                    \n                                    \n                                    More                                <\/a>\n                                                        <\/div>\n                    <\/div>\n                <\/div>\n                            <\/div>\n            <\/div>\n    <\/div>\t\t\t\t<\/div>\n\t\t\t\t<\/div>\n\t\t<div class=\"elementor-element elementor-element-f98ed6c e-con-full zoom-in frosted-glass e-flex e-con e-child\" data-id=\"f98ed6c\" data-element_type=\"container\" data-e-type=\"container\">\n\t\t\t\t<div class=\"elementor-element elementor-element-0b6914e ekit-equal-height-disable elementor-widget elementor-widget-elementskit-image-box\" data-id=\"0b6914e\" data-element_type=\"widget\" data-e-type=\"widget\" data-widget_type=\"elementskit-image-box.default\">\n\t\t\t\t\t<div class=\"ekit-wid-con\" >\n            <div class=\"elementskit-info-image-box ekit-image-box text-center simple-card\" >\n\n                \n                <div class=\"elementskit-box-header image-box-img-center\">\n\n                    <img loading=\"lazy\" decoding=\"async\" width=\"1200\" height=\"800\" src=\"https:\/\/toolconsulting.com\/wp-content\/uploads\/2025\/07\/hybride.png\" class=\"attachment-full size-full wp-image-1467\" alt=\"\" srcset=\"https:\/\/toolconsulting.com\/wp-content\/uploads\/2025\/07\/hybride.png 1200w, https:\/\/toolconsulting.com\/wp-content\/uploads\/2025\/07\/hybride-300x200.png 300w, https:\/\/toolconsulting.com\/wp-content\/uploads\/2025\/07\/hybride-1024x683.png 1024w, https:\/\/toolconsulting.com\/wp-content\/uploads\/2025\/07\/hybride-768x512.png 768w\" sizes=\"(max-width: 1200px) 100vw, 1200px\" \/>\n                <\/div>\n                \n                <div class=\"elementskit-box-body ekit-image-box-body\">\n                    <div class=\"elementskit-box-content ekit-image-box-body-inner\">\n                                                <h3 class=\"elementskit-info-box-title\">\n\n                        Infrastructures hybrides\n                        \n                    <\/h3>\n                                                            <div class=\"elementskit-box-style-content\">\n                        Confidently deploy your digital transformation projects.                    <\/div>\n                                    <\/div>\n\n                                <div class=\"elementskit-box-footer\">\n                    <div class=\"box-footer\">\n                        <div class=\"btn-wraper\">\n                                                            <a href=\"\/en\/ToolConsultingWebSite\/infrastructures-hybride\/\" class=\"elementskit-btn whitespace--normal\">\n                                    \n                                    \n                                    More                                <\/a>\n                                                        <\/div>\n                    <\/div>\n                <\/div>\n                            <\/div>\n            <\/div>\n    <\/div>\t\t\t\t<\/div>\n\t\t\t\t<\/div>\n\t\t<div class=\"elementor-element elementor-element-06c9789 e-con-full zoom-in frosted-glass e-flex e-con e-child\" data-id=\"06c9789\" data-element_type=\"container\" data-e-type=\"container\">\n\t\t\t\t<div class=\"elementor-element elementor-element-1d8ca26 ekit-equal-height-disable elementor-widget elementor-widget-elementskit-image-box\" data-id=\"1d8ca26\" data-element_type=\"widget\" data-e-type=\"widget\" data-widget_type=\"elementskit-image-box.default\">\n\t\t\t\t\t<div class=\"ekit-wid-con\" >\n            <div class=\"elementskit-info-image-box ekit-image-box text-center simple-card\" >\n\n                \n                <div class=\"elementskit-box-header image-box-img-center\">\n\n                    <img loading=\"lazy\" decoding=\"async\" width=\"1200\" height=\"800\" src=\"https:\/\/toolconsulting.com\/wp-content\/uploads\/2025\/07\/moderne.png\" class=\"attachment-full size-full wp-image-1471\" alt=\"\" srcset=\"https:\/\/toolconsulting.com\/wp-content\/uploads\/2025\/07\/moderne.png 1200w, https:\/\/toolconsulting.com\/wp-content\/uploads\/2025\/07\/moderne-300x200.png 300w, https:\/\/toolconsulting.com\/wp-content\/uploads\/2025\/07\/moderne-1024x683.png 1024w, https:\/\/toolconsulting.com\/wp-content\/uploads\/2025\/07\/moderne-768x512.png 768w\" sizes=\"(max-width: 1200px) 100vw, 1200px\" \/>\n                <\/div>\n                \n                <div class=\"elementskit-box-body ekit-image-box-body\">\n                    <div class=\"elementskit-box-content ekit-image-box-body-inner\">\n                                                <h3 class=\"elementskit-info-box-title\">\n\n                        Modern workplace \n                        \n                    <\/h3>\n                                                            <div class=\"elementskit-box-style-content\">\n                        Improve your employees\u2019 experience                    <\/div>\n                                    <\/div>\n\n                                <div class=\"elementskit-box-footer\">\n                    <div class=\"box-footer\">\n                        <div class=\"btn-wraper\">\n                                                            <a href=\"\/en\/ToolConsultingWebSite\/modern-workplace\/\" class=\"elementskit-btn whitespace--normal\">\n                                    \n                                    \n                                    More                                <\/a>\n                                                        <\/div>\n                    <\/div>\n                <\/div>\n                            <\/div>\n            <\/div>\n    <\/div>\t\t\t\t<\/div>\n\t\t\t\t<\/div>\n\t\t\t\t<\/div>\n\t\t<div class=\"elementor-element elementor-element-485b0eb e-flex e-con-boxed e-con e-parent\" data-id=\"485b0eb\" data-element_type=\"container\" data-e-type=\"container\" data-settings=\"{&quot;background_background&quot;:&quot;classic&quot;}\">\n\t\t\t\t\t<div class=\"e-con-inner\">\n\t\t<div class=\"elementor-element elementor-element-eacd510 e-con-full e-flex e-con e-child\" data-id=\"eacd510\" data-element_type=\"container\" data-e-type=\"container\">\n\t\t\t\t<div class=\"elementor-element elementor-element-327b6b1 elementor-widget elementor-widget-elementskit-heading\" data-id=\"327b6b1\" data-element_type=\"widget\" data-e-type=\"widget\" data-widget_type=\"elementskit-heading.default\">\n\t\t\t\t\t<div class=\"ekit-wid-con\" ><div class=\"ekit-heading elementskit-section-title-wraper text_left   ekit_heading_tablet-   ekit_heading_mobile-\"><h1 class=\"ekit-heading--title elementskit-section-title  ekit-heading__title-has-border start\">Need advice, a brochure, or a quote?<\/h1><div class=\"ekit_heading_separetor_wraper ekit_heading_elementskit-border-divider ekit-dotted\"><div class=\"elementskit-border-divider ekit-dotted\"><\/div><\/div><\/div><\/div>\t\t\t\t<\/div>\n\t\t\t\t<\/div>\n\t\t<div class=\"elementor-element elementor-element-59639ff e-con-full e-flex e-con e-child\" data-id=\"59639ff\" data-element_type=\"container\" data-e-type=\"container\">\n\t\t\t\t<div class=\"elementor-element elementor-element-7b8661c elementor-align-center elementor-widget elementor-widget-elementskit-button\" data-id=\"7b8661c\" data-element_type=\"widget\" data-e-type=\"widget\" data-widget_type=\"elementskit-button.default\">\n\t\t\t\t\t<div class=\"ekit-wid-con\" >\t\t<div class=\"ekit-btn-wraper\">\n\t\t\t\t\t\t\t<a href=\"\/en\/ToolConsultingWebSite\/contact\/\" class=\"elementskit-btn  whitespace--normal\" id=\"\">\n\t\t\t\t\tContact us\t\t\t\t<\/a>\n\t\t\t\t\t<\/div>\n        <\/div>\t\t\t\t<\/div>\n\t\t\t\t<\/div>\n\t\t\t\t\t<\/div>\n\t\t\t\t<\/div>\n\t\t\t\t<\/div>","protected":false},"excerpt":{"rendered":"<p>Solutions d\u2019infrastructure Trouvez la solution faite pour vous Microsoft Azure Solution cloud, flexible et s\u00e9curis\u00e9e Voir Plus Infrastructures hybrides D\u00e9ployez vos projets de transformation en toute s\u00e9r\u00e9nit\u00e9 Voir Plus Modern workplace Am\u00e9liorez l\u2019exp\u00e9rience employ\u00e9 Voir Plus Besoin d\u2019un conseil, une brochure,un devis ? Contactez nous<\/p>","protected":false},"author":1,"featured_media":0,"parent":0,"menu_order":0,"comment_status":"closed","ping_status":"closed","template":"","meta":{"om_disable_all_campaigns":false,"_monsterinsights_skip_tracking":false,"_monsterinsights_sitenote_active":false,"_monsterinsights_sitenote_note":"","_monsterinsights_sitenote_category":0,"_kad_post_transparent":"","_kad_post_title":"hide","_kad_post_layout":"fullwidth","_kad_post_sidebar_id":"","_kad_post_content_style":"unboxed","_kad_post_vertical_padding":"hide","_kad_post_feature":"hide","_kad_post_feature_position":"","_kad_post_header":false,"_kad_post_footer":false,"_kad_post_classname":"","footnotes":""},"class_list":["post-259","page","type-page","status-publish","hentry"],"aioseo_notices":[],"_links":{"self":[{"href":"https:\/\/toolconsulting.com\/en\/wp-json\/wp\/v2\/pages\/259","targetHints":{"allow":["GET"]}}],"collection":[{"href":"https:\/\/toolconsulting.com\/en\/wp-json\/wp\/v2\/pages"}],"about":[{"href":"https:\/\/toolconsulting.com\/en\/wp-json\/wp\/v2\/types\/page"}],"author":[{"embeddable":true,"href":"https:\/\/toolconsulting.com\/en\/wp-json\/wp\/v2\/users\/1"}],"replies":[{"embeddable":true,"href":"https:\/\/toolconsulting.com\/en\/wp-json\/wp\/v2\/comments?post=259"}],"version-history":[{"count":52,"href":"https:\/\/toolconsulting.com\/en\/wp-json\/wp\/v2\/pages\/259\/revisions"}],"predecessor-version":[{"id":2195,"href":"https:\/\/toolconsulting.com\/en\/wp-json\/wp\/v2\/pages\/259\/revisions\/2195"}],"wp:attachment":[{"href":"https:\/\/toolconsulting.com\/en\/wp-json\/wp\/v2\/media?parent=259"}],"curies":[{"name":"wp","href":"https:\/\/api.w.org\/{rel}","templated":true}]}}