{"id":263,"date":"2025-07-08T16:08:42","date_gmt":"2025-07-08T16:08:42","guid":{"rendered":"http:\/\/localhost\/ToolConsultingWebSite\/?page_id=263"},"modified":"2025-07-22T10:23:07","modified_gmt":"2025-07-22T10:23:07","slug":"infrastructures-hybride","status":"publish","type":"page","link":"https:\/\/toolconsulting.com\/en\/infrastructures-hybride\/","title":{"rendered":"Infrastructures hybride\u00a0"},"content":{"rendered":"<div data-elementor-type=\"wp-page\" data-elementor-id=\"263\" class=\"elementor elementor-263\">\n\t\t\t\t<div class=\"elementor-element elementor-element-51d047b e-flex e-con-boxed e-con e-parent\" data-id=\"51d047b\" data-element_type=\"container\" data-e-type=\"container\" data-settings=\"{&quot;background_background&quot;:&quot;gradient&quot;}\">\n\t\t\t\t\t<div class=\"e-con-inner\">\n\t\t\t\t\t\t\t<h2 \n\t\tdata-interaction-id=\"53780c4\" \n\t\tclass=\"e-53780c4-4e49f9b e-heading-base\" \n\t\t \n\t\t\n\t>\n\t\n\t\t\tHybrid Infrastructure\n\t\t<\/h2>\n\t\t\t\t\t\t\t\t<p class=\"e-c973c40-b1ffc32 e-paragraph-base\" data-interaction-id=\"c973c40\"  >\n\t\t\t\t\t\t\t\tConfidently deploy your digital transformation projects.\n\t\t\t\t\t<\/p>\n\t\t\t\t<div class=\"elementor-element elementor-element-1e21981 elementor-absolute animationFramesOne elementor-widget elementor-widget-image\" data-id=\"1e21981\" data-element_type=\"widget\" data-e-type=\"widget\" data-settings=\"{&quot;_position&quot;:&quot;absolute&quot;}\" data-widget_type=\"image.default\">\n\t\t\t\t\t\t\t\t\t\t\t\t\t\t\t<img fetchpriority=\"high\" decoding=\"async\" width=\"1024\" height=\"576\" src=\"https:\/\/toolconsulting.com\/wp-content\/uploads\/2025\/07\/plus-Background-Removed-1024x576.png\" class=\"attachment-large size-large wp-image-303\" alt=\"\" srcset=\"https:\/\/toolconsulting.com\/wp-content\/uploads\/2025\/07\/plus-Background-Removed-1024x576.png 1024w, https:\/\/toolconsulting.com\/wp-content\/uploads\/2025\/07\/plus-Background-Removed-300x169.png 300w, https:\/\/toolconsulting.com\/wp-content\/uploads\/2025\/07\/plus-Background-Removed-768x432.png 768w, https:\/\/toolconsulting.com\/wp-content\/uploads\/2025\/07\/plus-Background-Removed.png 1280w\" sizes=\"(max-width: 1024px) 100vw, 1024px\" \/>\t\t\t\t\t\t\t\t\t\t\t\t\t\t\t<\/div>\n\t\t\t\t<div class=\"elementor-element elementor-element-5a1dc38 elementor-absolute animationFramesOne elementor-widget elementor-widget-image\" data-id=\"5a1dc38\" data-element_type=\"widget\" data-e-type=\"widget\" data-settings=\"{&quot;_position&quot;:&quot;absolute&quot;}\" data-widget_type=\"image.default\">\n\t\t\t\t\t\t\t\t\t\t\t\t\t\t\t<img decoding=\"async\" width=\"1024\" height=\"576\" src=\"https:\/\/toolconsulting.com\/wp-content\/uploads\/2025\/07\/orangeplus-Background-Removed-1024x576.png\" class=\"attachment-large size-large wp-image-308\" alt=\"\" srcset=\"https:\/\/toolconsulting.com\/wp-content\/uploads\/2025\/07\/orangeplus-Background-Removed-1024x576.png 1024w, https:\/\/toolconsulting.com\/wp-content\/uploads\/2025\/07\/orangeplus-Background-Removed-300x169.png 300w, https:\/\/toolconsulting.com\/wp-content\/uploads\/2025\/07\/orangeplus-Background-Removed-768x432.png 768w, https:\/\/toolconsulting.com\/wp-content\/uploads\/2025\/07\/orangeplus-Background-Removed.png 1280w\" sizes=\"(max-width: 1024px) 100vw, 1024px\" \/>\t\t\t\t\t\t\t\t\t\t\t\t\t\t\t<\/div>\n\t\t\t\t\t<\/div>\n\t\t\t\t<\/div>\n\t\t<div class=\"elementor-element elementor-element-88c5a4e e-con-full e-flex e-con e-parent\" data-id=\"88c5a4e\" data-element_type=\"container\" data-e-type=\"container\" data-settings=\"{&quot;background_background&quot;:&quot;classic&quot;}\">\n\t\t<div class=\"elementor-element elementor-element-967f1b6 e-con-full frosted-glass e-flex e-con e-child\" data-id=\"967f1b6\" data-element_type=\"container\" data-e-type=\"container\">\n\t\t<div class=\"elementor-element elementor-element-156d985 e-con-full e-flex e-con e-child\" data-id=\"156d985\" data-element_type=\"container\" data-e-type=\"container\">\n\t\t\t\t<div class=\"elementor-element elementor-element-893019e elementor-widget elementor-widget-elementskit-heading\" data-id=\"893019e\" data-element_type=\"widget\" data-e-type=\"widget\" data-widget_type=\"elementskit-heading.default\">\n\t\t\t\t\t<div class=\"ekit-wid-con\" ><div class=\"ekit-heading elementskit-section-title-wraper text_left   ekit_heading_tablet-   ekit_heading_mobile-\"><h1 class=\"ekit-heading--title elementskit-section-title\">Hybrid Infrastructure<\/h1><div class=\"ekit_heading_separetor_wraper ekit_heading_elementskit-border-divider ekit-dotted\"><div class=\"elementskit-border-divider ekit-dotted\"><\/div><\/div><\/div><\/div>\t\t\t\t<\/div>\n\t\t\t\t\t\t\t\t<p class=\"e-db605c6-b8d6385 e-paragraph-base\" data-interaction-id=\"db605c6\"  >\n\t\t\t\t\t\t\t\tPrivate cloud, public cloud, or on-prem\u2014Too Consulting has you covered. Our hybrid infrastructure expertise ensures fast, secure deployment with personalized support every step of the way.\n\t\t\t\t\t<\/p>\n\t\t\t\t<\/div>\n\t\t<div class=\"elementor-element elementor-element-4d9163e e-con-full e-flex e-con e-child\" data-id=\"4d9163e\" data-element_type=\"container\" data-e-type=\"container\">\n\t\t\t\t<div class=\"elementor-element elementor-element-fa71831 zoom-in elementor-widget elementor-widget-image\" data-id=\"fa71831\" data-element_type=\"widget\" data-e-type=\"widget\" data-widget_type=\"image.default\">\n\t\t\t\t\t\t\t\t\t\t\t\t\t\t\t<img decoding=\"async\" width=\"500\" height=\"500\" src=\"https:\/\/toolconsulting.com\/wp-content\/uploads\/2025\/07\/plplplpl-1.png\" class=\"attachment-large size-large wp-image-1608\" alt=\"\" srcset=\"https:\/\/toolconsulting.com\/wp-content\/uploads\/2025\/07\/plplplpl-1.png 500w, https:\/\/toolconsulting.com\/wp-content\/uploads\/2025\/07\/plplplpl-1-300x300.png 300w, https:\/\/toolconsulting.com\/wp-content\/uploads\/2025\/07\/plplplpl-1-150x150.png 150w\" sizes=\"(max-width: 500px) 100vw, 500px\" \/>\t\t\t\t\t\t\t\t\t\t\t\t\t\t\t<\/div>\n\t\t\t\t<\/div>\n\t\t\t\t<\/div>\n\t\t\t\t<\/div>\n\t\t<div class=\"elementor-element elementor-element-d74b2c2 e-flex e-con-boxed e-con e-parent\" data-id=\"d74b2c2\" data-element_type=\"container\" data-e-type=\"container\">\n\t\t\t\t\t<div class=\"e-con-inner\">\n\t\t\t\t<div class=\"elementor-element elementor-element-e5efcc1 elementor-widget__width-initial elementor-widget-mobile__width-initial elementor-widget elementor-widget-elementskit-heading\" data-id=\"e5efcc1\" data-element_type=\"widget\" data-e-type=\"widget\" data-widget_type=\"elementskit-heading.default\">\n\t\t\t\t\t<div class=\"ekit-wid-con\" ><div class=\"ekit-heading elementskit-section-title-wraper text_center   ekit_heading_tablet-   ekit_heading_mobile-\"><h1 class=\"ekit-heading--title elementskit-section-title  ekit-heading__title-has-border start\">Choose from our infrastructure options<\/h1><p class=\"ekit-heading--subtitle elementskit-section-subtitle\">\n\t\t\t\t\t\tWith Tool Consulting, benefit from a hybrid infrastructure that combines the advantages of private cloud, public cloud, and on-premises solutions. Our team supports you throughout the entire process\u2014from design and installation to maintenance\u2014for a smooth transition to your new infrastructure. Trust our expertise to ensure the performance, security, and scalability of your IT environment.\n\t\t\t\t\t<\/p><div class=\"ekit_heading_separetor_wraper ekit_heading_elementskit-border-divider ekit-dotted\"><div class=\"elementskit-border-divider ekit-dotted\"><\/div><\/div><\/div><\/div>\t\t\t\t<\/div>\n\t\t\t\t\t<\/div>\n\t\t\t\t<\/div>\n\t\t<div class=\"elementor-element elementor-element-abb7fac e-con-full e-flex e-con e-parent\" data-id=\"abb7fac\" data-element_type=\"container\" data-e-type=\"container\" data-settings=\"{&quot;background_background&quot;:&quot;classic&quot;}\">\n\t\t<div class=\"elementor-element elementor-element-63095ac e-con-full frosted-glass e-flex e-con e-child\" data-id=\"63095ac\" data-element_type=\"container\" data-e-type=\"container\">\n\t\t<div class=\"elementor-element elementor-element-7234e95 e-con-full zoom-in e-flex e-con e-child\" data-id=\"7234e95\" data-element_type=\"container\" data-e-type=\"container\" data-settings=\"{&quot;background_background&quot;:&quot;classic&quot;}\">\n\t\t\t\t<div class=\"elementor-element elementor-element-4c0e128 ekit-equal-height-disable elementor-widget elementor-widget-elementskit-image-box\" data-id=\"4c0e128\" data-element_type=\"widget\" data-e-type=\"widget\" data-widget_type=\"elementskit-image-box.default\">\n\t\t\t\t\t<div class=\"ekit-wid-con\" >\n            <div class=\"elementskit-info-image-box ekit-image-box text-center simple-card\" >\n\n                \n                <div class=\"elementskit-box-header image-box-img-center\">\n\n                    <img loading=\"lazy\" decoding=\"async\" width=\"1200\" height=\"800\" src=\"https:\/\/toolconsulting.com\/wp-content\/uploads\/2025\/07\/private.png\" class=\"attachment-full size-full wp-image-1597\" alt=\"\" srcset=\"https:\/\/toolconsulting.com\/wp-content\/uploads\/2025\/07\/private.png 1200w, https:\/\/toolconsulting.com\/wp-content\/uploads\/2025\/07\/private-300x200.png 300w, https:\/\/toolconsulting.com\/wp-content\/uploads\/2025\/07\/private-1024x683.png 1024w, https:\/\/toolconsulting.com\/wp-content\/uploads\/2025\/07\/private-768x512.png 768w\" sizes=\"(max-width: 1200px) 100vw, 1200px\" \/>\n                <\/div>\n                \n                <div class=\"elementskit-box-body ekit-image-box-body\">\n                    <div class=\"elementskit-box-content ekit-image-box-body-inner\">\n                                                <h3 class=\"elementskit-info-box-title\">\n\n                        Private cloud\n                        \n                    <\/h3>\n                                                            <div class=\"elementskit-box-style-content\">\n                        Take advantage of our three data centers in Europe, located in France and the Netherlands, to host your critical business applications. Benefit from a dedicated private environment that ensures the required confidentiality and performance, with a monthly payment model based on your usage.                    <\/div>\n                                    <\/div>\n\n                            <\/div>\n            <\/div>\n    <\/div>\t\t\t\t<\/div>\n\t\t\t\t<\/div>\n\t\t<div class=\"elementor-element elementor-element-d6b4483 e-con-full zoom-in e-flex e-con e-child\" data-id=\"d6b4483\" data-element_type=\"container\" data-e-type=\"container\" data-settings=\"{&quot;background_background&quot;:&quot;classic&quot;}\">\n\t\t\t\t<div class=\"elementor-element elementor-element-248ca8b ekit-equal-height-disable elementor-widget elementor-widget-elementskit-image-box\" data-id=\"248ca8b\" data-element_type=\"widget\" data-e-type=\"widget\" data-widget_type=\"elementskit-image-box.default\">\n\t\t\t\t\t<div class=\"ekit-wid-con\" >\n            <div class=\"elementskit-info-image-box ekit-image-box text-center simple-card\" >\n\n                \n                <div class=\"elementskit-box-header image-box-img-center\">\n\n                    <img loading=\"lazy\" decoding=\"async\" width=\"1200\" height=\"800\" src=\"https:\/\/toolconsulting.com\/wp-content\/uploads\/2025\/07\/public.png\" class=\"attachment-full size-full wp-image-1598\" alt=\"\" srcset=\"https:\/\/toolconsulting.com\/wp-content\/uploads\/2025\/07\/public.png 1200w, https:\/\/toolconsulting.com\/wp-content\/uploads\/2025\/07\/public-300x200.png 300w, https:\/\/toolconsulting.com\/wp-content\/uploads\/2025\/07\/public-1024x683.png 1024w, https:\/\/toolconsulting.com\/wp-content\/uploads\/2025\/07\/public-768x512.png 768w\" sizes=\"(max-width: 1200px) 100vw, 1200px\" \/>\n                <\/div>\n                \n                <div class=\"elementskit-box-body ekit-image-box-body\">\n                    <div class=\"elementskit-box-content ekit-image-box-body-inner\">\n                                                <h3 class=\"elementskit-info-box-title\">\n\n                        Public Cloud\n                        \n                    <\/h3>\n                                                            <div class=\"elementskit-box-style-content\">\n                        As a Microsoft Gold Partner and Inner Circle member, we bring deep expertise in Azure Cloud solutions. Harness the full power of the Microsoft Azure ecosystem\u2014on-demand, pay-as-you-go\u2014to build, enhance, or modernize your IT infrastructure with confidence.                    <\/div>\n                                    <\/div>\n\n                            <\/div>\n            <\/div>\n    <\/div>\t\t\t\t<\/div>\n\t\t\t\t<\/div>\n\t\t<div class=\"elementor-element elementor-element-1c01878 e-con-full zoom-in e-flex e-con e-child\" data-id=\"1c01878\" data-element_type=\"container\" data-e-type=\"container\" data-settings=\"{&quot;background_background&quot;:&quot;classic&quot;}\">\n\t\t\t\t<div class=\"elementor-element elementor-element-93c3187 ekit-equal-height-disable elementor-widget elementor-widget-elementskit-image-box\" data-id=\"93c3187\" data-element_type=\"widget\" data-e-type=\"widget\" data-widget_type=\"elementskit-image-box.default\">\n\t\t\t\t\t<div class=\"ekit-wid-con\" >\n            <div class=\"elementskit-info-image-box ekit-image-box text-center simple-card\" >\n\n                \n                <div class=\"elementskit-box-header image-box-img-center\">\n\n                    <img loading=\"lazy\" decoding=\"async\" width=\"1200\" height=\"800\" src=\"https:\/\/toolconsulting.com\/wp-content\/uploads\/2025\/07\/infra.png\" class=\"attachment-full size-full wp-image-1599\" alt=\"\" srcset=\"https:\/\/toolconsulting.com\/wp-content\/uploads\/2025\/07\/infra.png 1200w, https:\/\/toolconsulting.com\/wp-content\/uploads\/2025\/07\/infra-300x200.png 300w, https:\/\/toolconsulting.com\/wp-content\/uploads\/2025\/07\/infra-1024x683.png 1024w, https:\/\/toolconsulting.com\/wp-content\/uploads\/2025\/07\/infra-768x512.png 768w\" sizes=\"(max-width: 1200px) 100vw, 1200px\" \/>\n                <\/div>\n                \n                <div class=\"elementskit-box-body ekit-image-box-body\">\n                    <div class=\"elementskit-box-content ekit-image-box-body-inner\">\n                                                <h3 class=\"elementskit-info-box-title\">\n\n                        On-premises infrastructure\n                        \n                    <\/h3>\n                                                            <div class=\"elementskit-box-style-content\">\n                        Entrust us with the design, installation, and maintenance of your physical, virtual, and hyper-converged infrastructures within your company. Our experts support you in seamlessly integrating cloud technologies into your environment.                    <\/div>\n                                    <\/div>\n\n                            <\/div>\n            <\/div>\n    <\/div>\t\t\t\t<\/div>\n\t\t\t\t<\/div>\n\t\t<div class=\"elementor-element elementor-element-85ed6cc e-con-full zoom-in e-flex e-con e-child\" data-id=\"85ed6cc\" data-element_type=\"container\" data-e-type=\"container\" data-settings=\"{&quot;background_background&quot;:&quot;classic&quot;}\">\n\t\t\t\t<div class=\"elementor-element elementor-element-69b17b2 ekit-equal-height-disable elementor-widget elementor-widget-elementskit-image-box\" data-id=\"69b17b2\" data-element_type=\"widget\" data-e-type=\"widget\" data-widget_type=\"elementskit-image-box.default\">\n\t\t\t\t\t<div class=\"ekit-wid-con\" >\n            <div class=\"elementskit-info-image-box ekit-image-box text-center simple-card\" >\n\n                \n                <div class=\"elementskit-box-header image-box-img-center\">\n\n                    <img loading=\"lazy\" decoding=\"async\" width=\"1200\" height=\"800\" src=\"https:\/\/toolconsulting.com\/wp-content\/uploads\/2025\/07\/secure.png\" class=\"attachment-full size-full wp-image-1600\" alt=\"\" srcset=\"https:\/\/toolconsulting.com\/wp-content\/uploads\/2025\/07\/secure.png 1200w, https:\/\/toolconsulting.com\/wp-content\/uploads\/2025\/07\/secure-300x200.png 300w, https:\/\/toolconsulting.com\/wp-content\/uploads\/2025\/07\/secure-1024x683.png 1024w, https:\/\/toolconsulting.com\/wp-content\/uploads\/2025\/07\/secure-768x512.png 768w\" sizes=\"(max-width: 1200px) 100vw, 1200px\" \/>\n                <\/div>\n                \n                <div class=\"elementskit-box-body ekit-image-box-body\">\n                    <div class=\"elementskit-box-content ekit-image-box-body-inner\">\n                                                <h3 class=\"elementskit-info-box-title\">\n\n                        Azure Security\n                        \n                    <\/h3>\n                                                            <div class=\"elementskit-box-style-content\">\n                        Digital transformation brings significant benefits in optimizing processes and enhancing customer communication\u2014but it also introduces new risks. Safeguard your data and personal information while remaining compliant with regulations. Take control of your cloud app usage and defend against data breaches, malware, and phishing threats.                    <\/div>\n                                    <\/div>\n\n                            <\/div>\n            <\/div>\n    <\/div>\t\t\t\t<\/div>\n\t\t\t\t<\/div>\n\t\t\t\t<\/div>\n\t\t\t\t<\/div>\n\t\t<div class=\"elementor-element elementor-element-c086c94 e-flex e-con-boxed e-con e-parent\" data-id=\"c086c94\" data-element_type=\"container\" data-e-type=\"container\" data-settings=\"{&quot;background_background&quot;:&quot;classic&quot;}\">\n\t\t\t\t\t<div class=\"e-con-inner\">\n\t\t<div class=\"elementor-element elementor-element-09c7246 e-con-full e-flex e-con e-child\" data-id=\"09c7246\" data-element_type=\"container\" data-e-type=\"container\">\n\t\t\t\t<div class=\"elementor-element elementor-element-4da8a78 elementor-widget elementor-widget-elementskit-heading\" data-id=\"4da8a78\" data-element_type=\"widget\" data-e-type=\"widget\" data-widget_type=\"elementskit-heading.default\">\n\t\t\t\t\t<div class=\"ekit-wid-con\" ><div class=\"ekit-heading elementskit-section-title-wraper text_left   ekit_heading_tablet-   ekit_heading_mobile-\"><h1 class=\"ekit-heading--title elementskit-section-title  ekit-heading__title-has-border start\">Need advice, a brochure, or a quote?<\/h1><div class=\"ekit_heading_separetor_wraper ekit_heading_elementskit-border-divider ekit-dotted\"><div class=\"elementskit-border-divider ekit-dotted\"><\/div><\/div><\/div><\/div>\t\t\t\t<\/div>\n\t\t\t\t<\/div>\n\t\t<div class=\"elementor-element elementor-element-c813220 e-con-full e-flex e-con e-child\" data-id=\"c813220\" data-element_type=\"container\" data-e-type=\"container\">\n\t\t\t\t<div class=\"elementor-element elementor-element-e44b76a elementor-align-center elementor-widget elementor-widget-elementskit-button\" data-id=\"e44b76a\" data-element_type=\"widget\" data-e-type=\"widget\" data-widget_type=\"elementskit-button.default\">\n\t\t\t\t\t<div class=\"ekit-wid-con\" >\t\t<div class=\"ekit-btn-wraper\">\n\t\t\t\t\t\t\t<a href=\"\/en\/ToolConsultingWebSite\/contact\/\" class=\"elementskit-btn  whitespace--normal\" id=\"\">\n\t\t\t\t\tContact us\t\t\t\t<\/a>\n\t\t\t\t\t<\/div>\n        <\/div>\t\t\t\t<\/div>\n\t\t\t\t<\/div>\n\t\t\t\t\t<\/div>\n\t\t\t\t<\/div>\n\t\t\t\t<\/div>","protected":false},"excerpt":{"rendered":"<p>Infrastructure Hybride D\u00e9ployez vos projets de transformation en toute s\u00e9r\u00e9nit\u00e9 Infrastructure Hybride Quel que soit votre choix de d\u00e9ploiement, qu\u2019il s\u2019agisse d\u2019un cloud priv\u00e9, d\u2019un cloud public ou d\u2019une infrastructure on-premise, Too consulting est l\u00e0 pour r\u00e9pondre \u00e0 vos besoins avec notre expertise en mati\u00e8re d\u2019infrastructure hybride. Nous vous garantissons le meilleur niveau de service&#8230;<\/p>","protected":false},"author":1,"featured_media":0,"parent":0,"menu_order":0,"comment_status":"closed","ping_status":"closed","template":"","meta":{"om_disable_all_campaigns":false,"_monsterinsights_skip_tracking":false,"_monsterinsights_sitenote_active":false,"_monsterinsights_sitenote_note":"","_monsterinsights_sitenote_category":0,"_kad_post_transparent":"","_kad_post_title":"hide","_kad_post_layout":"fullwidth","_kad_post_sidebar_id":"","_kad_post_content_style":"unboxed","_kad_post_vertical_padding":"hide","_kad_post_feature":"hide","_kad_post_feature_position":"","_kad_post_header":false,"_kad_post_footer":false,"_kad_post_classname":"","footnotes":""},"class_list":["post-263","page","type-page","status-publish","hentry"],"aioseo_notices":[],"_links":{"self":[{"href":"https:\/\/toolconsulting.com\/en\/wp-json\/wp\/v2\/pages\/263","targetHints":{"allow":["GET"]}}],"collection":[{"href":"https:\/\/toolconsulting.com\/en\/wp-json\/wp\/v2\/pages"}],"about":[{"href":"https:\/\/toolconsulting.com\/en\/wp-json\/wp\/v2\/types\/page"}],"author":[{"embeddable":true,"href":"https:\/\/toolconsulting.com\/en\/wp-json\/wp\/v2\/users\/1"}],"replies":[{"embeddable":true,"href":"https:\/\/toolconsulting.com\/en\/wp-json\/wp\/v2\/comments?post=263"}],"version-history":[{"count":61,"href":"https:\/\/toolconsulting.com\/en\/wp-json\/wp\/v2\/pages\/263\/revisions"}],"predecessor-version":[{"id":2250,"href":"https:\/\/toolconsulting.com\/en\/wp-json\/wp\/v2\/pages\/263\/revisions\/2250"}],"wp:attachment":[{"href":"https:\/\/toolconsulting.com\/en\/wp-json\/wp\/v2\/media?parent=263"}],"curies":[{"name":"wp","href":"https:\/\/api.w.org\/{rel}","templated":true}]}}