{"id":265,"date":"2025-07-08T16:09:21","date_gmt":"2025-07-08T16:09:21","guid":{"rendered":"http:\/\/localhost\/ToolConsultingWebSite\/?page_id=265"},"modified":"2025-07-22T10:30:54","modified_gmt":"2025-07-22T10:30:54","slug":"modern-workplace","status":"publish","type":"page","link":"https:\/\/toolconsulting.com\/en\/modern-workplace\/","title":{"rendered":"Modern workplace"},"content":{"rendered":"<div data-elementor-type=\"wp-page\" data-elementor-id=\"265\" class=\"elementor elementor-265\">\n\t\t\t\t<div class=\"elementor-element elementor-element-35b853c e-flex e-con-boxed e-con e-parent\" data-id=\"35b853c\" data-element_type=\"container\" data-e-type=\"container\" data-settings=\"{&quot;background_background&quot;:&quot;gradient&quot;}\">\n\t\t\t\t\t<div class=\"e-con-inner\">\n\t\t\t\t\t\t\t<h2 \n\t\tdata-interaction-id=\"a343fe7\" \n\t\tclass=\"e-a343fe7-c6665e4 e-heading-base\" \n\t\t \n\t\t\n\t>\n\t\n\t\t\tModern workplace\n\t\t<\/h2>\n\t\t\t\t\t\t\t\t<p class=\"e-18a7166-cd7b34e e-paragraph-base\" data-interaction-id=\"18a7166\"  >\n\t\t\t\t\t\t\t\tImprove your employees\u2019 experience\n\t\t\t\t\t<\/p>\n\t\t\t\t<div class=\"elementor-element elementor-element-fd65279 elementor-absolute animationFramesOne elementor-widget elementor-widget-image\" data-id=\"fd65279\" data-element_type=\"widget\" data-e-type=\"widget\" data-settings=\"{&quot;_position&quot;:&quot;absolute&quot;}\" data-widget_type=\"image.default\">\n\t\t\t\t\t\t\t\t\t\t\t\t\t\t\t<img fetchpriority=\"high\" decoding=\"async\" width=\"1024\" height=\"576\" src=\"https:\/\/toolconsulting.com\/wp-content\/uploads\/2025\/07\/plus-Background-Removed-1024x576.png\" class=\"attachment-large size-large wp-image-303\" alt=\"\" srcset=\"https:\/\/toolconsulting.com\/wp-content\/uploads\/2025\/07\/plus-Background-Removed-1024x576.png 1024w, https:\/\/toolconsulting.com\/wp-content\/uploads\/2025\/07\/plus-Background-Removed-300x169.png 300w, https:\/\/toolconsulting.com\/wp-content\/uploads\/2025\/07\/plus-Background-Removed-768x432.png 768w, https:\/\/toolconsulting.com\/wp-content\/uploads\/2025\/07\/plus-Background-Removed.png 1280w\" sizes=\"(max-width: 1024px) 100vw, 1024px\" \/>\t\t\t\t\t\t\t\t\t\t\t\t\t\t\t<\/div>\n\t\t\t\t<div class=\"elementor-element elementor-element-1740c87 elementor-absolute animationFramesOne elementor-widget elementor-widget-image\" data-id=\"1740c87\" data-element_type=\"widget\" data-e-type=\"widget\" data-settings=\"{&quot;_position&quot;:&quot;absolute&quot;}\" data-widget_type=\"image.default\">\n\t\t\t\t\t\t\t\t\t\t\t\t\t\t\t<img decoding=\"async\" width=\"1024\" height=\"576\" src=\"https:\/\/toolconsulting.com\/wp-content\/uploads\/2025\/07\/orangeplus-Background-Removed-1024x576.png\" class=\"attachment-large size-large wp-image-308\" alt=\"\" srcset=\"https:\/\/toolconsulting.com\/wp-content\/uploads\/2025\/07\/orangeplus-Background-Removed-1024x576.png 1024w, https:\/\/toolconsulting.com\/wp-content\/uploads\/2025\/07\/orangeplus-Background-Removed-300x169.png 300w, https:\/\/toolconsulting.com\/wp-content\/uploads\/2025\/07\/orangeplus-Background-Removed-768x432.png 768w, https:\/\/toolconsulting.com\/wp-content\/uploads\/2025\/07\/orangeplus-Background-Removed.png 1280w\" sizes=\"(max-width: 1024px) 100vw, 1024px\" \/>\t\t\t\t\t\t\t\t\t\t\t\t\t\t\t<\/div>\n\t\t\t\t\t<\/div>\n\t\t\t\t<\/div>\n\t\t<div class=\"elementor-element elementor-element-624acca e-con-full e-flex e-con e-parent\" data-id=\"624acca\" data-element_type=\"container\" data-e-type=\"container\" data-settings=\"{&quot;background_background&quot;:&quot;classic&quot;}\">\n\t\t<div class=\"elementor-element elementor-element-2a31cab e-con-full frosted-glass e-flex e-con e-child\" data-id=\"2a31cab\" data-element_type=\"container\" data-e-type=\"container\">\n\t\t<div class=\"elementor-element elementor-element-bca545a e-con-full e-flex e-con e-child\" data-id=\"bca545a\" data-element_type=\"container\" data-e-type=\"container\">\n\t\t\t\t<div class=\"elementor-element elementor-element-af45d2f elementor-widget elementor-widget-elementskit-heading\" data-id=\"af45d2f\" data-element_type=\"widget\" data-e-type=\"widget\" data-widget_type=\"elementskit-heading.default\">\n\t\t\t\t\t<div class=\"ekit-wid-con\" ><div class=\"ekit-heading elementskit-section-title-wraper text_left   ekit_heading_tablet-   ekit_heading_mobile-\"><h1 class=\"ekit-heading--title elementskit-section-title\">Modern workplace<\/h1><div class=\"ekit_heading_separetor_wraper ekit_heading_elementskit-border-divider ekit-dotted\"><div class=\"elementskit-border-divider ekit-dotted\"><\/div><\/div><\/div><\/div>\t\t\t\t<\/div>\n\t\t\t\t\t\t\t\t<p class=\"e-cda295b-4d3b518 e-paragraph-base\" data-interaction-id=\"cda295b\"  >\n\t\t\t\t\t\t\t\tDigital transformation has revolutionized user expectations. Employees now want the same level of connectivity in the workplace that they enjoy at home. To meet these expectations, Tool Consulting offers modern workplace solutions that enhance the user experience by transforming your work environment.\n\t\t\t\t\t<\/p>\n\t\t\t\t<\/div>\n\t\t<div class=\"elementor-element elementor-element-74214b4 e-con-full e-flex e-con e-child\" data-id=\"74214b4\" data-element_type=\"container\" data-e-type=\"container\">\n\t\t\t\t<div class=\"elementor-element elementor-element-31e3a15 zoom-in elementor-widget-mobile__width-initial elementor-widget elementor-widget-image\" data-id=\"31e3a15\" data-element_type=\"widget\" data-e-type=\"widget\" data-widget_type=\"image.default\">\n\t\t\t\t\t\t\t\t\t\t\t\t\t\t\t<img decoding=\"async\" width=\"500\" height=\"500\" src=\"https:\/\/toolconsulting.com\/wp-content\/uploads\/2025\/07\/sds-1.png\" class=\"attachment-large size-large wp-image-1641\" alt=\"\" srcset=\"https:\/\/toolconsulting.com\/wp-content\/uploads\/2025\/07\/sds-1.png 500w, https:\/\/toolconsulting.com\/wp-content\/uploads\/2025\/07\/sds-1-300x300.png 300w, https:\/\/toolconsulting.com\/wp-content\/uploads\/2025\/07\/sds-1-150x150.png 150w\" sizes=\"(max-width: 500px) 100vw, 500px\" \/>\t\t\t\t\t\t\t\t\t\t\t\t\t\t\t<\/div>\n\t\t\t\t<\/div>\n\t\t\t\t<\/div>\n\t\t\t\t<\/div>\n\t\t<div class=\"elementor-element elementor-element-96d536d e-flex e-con-boxed e-con e-parent\" data-id=\"96d536d\" data-element_type=\"container\" data-e-type=\"container\">\n\t\t\t\t\t<div class=\"e-con-inner\">\n\t\t\t\t<div class=\"elementor-element elementor-element-60aa6a3 elementor-widget__width-initial elementor-widget-mobile__width-initial elementor-widget elementor-widget-elementskit-heading\" data-id=\"60aa6a3\" data-element_type=\"widget\" data-e-type=\"widget\" data-widget_type=\"elementskit-heading.default\">\n\t\t\t\t\t<div class=\"ekit-wid-con\" ><div class=\"ekit-heading elementskit-section-title-wraper text_center   ekit_heading_tablet-   ekit_heading_mobile-\"><h1 class=\"ekit-heading--title elementskit-section-title  ekit-heading__title-has-border start\">Our services include<\/h1><p class=\"ekit-heading--subtitle elementskit-section-subtitle\">\n\t\t\t\t\t\tImprove your employees\u2019 experience\n\t\t\t\t\t<\/p><div class=\"ekit_heading_separetor_wraper ekit_heading_elementskit-border-divider ekit-dotted\"><div class=\"elementskit-border-divider ekit-dotted\"><\/div><\/div><\/div><\/div>\t\t\t\t<\/div>\n\t\t\t\t\t<\/div>\n\t\t\t\t<\/div>\n\t\t<div class=\"elementor-element elementor-element-6720dd4 e-con-full e-flex e-con e-parent\" data-id=\"6720dd4\" data-element_type=\"container\" data-e-type=\"container\" data-settings=\"{&quot;background_background&quot;:&quot;classic&quot;}\">\n\t\t<div class=\"elementor-element elementor-element-83cc3e9 e-con-full frosted-glass e-flex e-con e-child\" data-id=\"83cc3e9\" data-element_type=\"container\" data-e-type=\"container\">\n\t\t<div class=\"elementor-element elementor-element-e7e267a e-con-full zoom-in e-flex e-con e-child\" data-id=\"e7e267a\" data-element_type=\"container\" data-e-type=\"container\" data-settings=\"{&quot;background_background&quot;:&quot;classic&quot;}\">\n\t\t\t\t<div class=\"elementor-element elementor-element-ada5364 elementor-widget elementor-widget-elementskit-heading\" data-id=\"ada5364\" data-element_type=\"widget\" data-e-type=\"widget\" data-widget_type=\"elementskit-heading.default\">\n\t\t\t\t\t<div class=\"ekit-wid-con\" ><div class=\"ekit-heading elementskit-section-title-wraper text_left   ekit_heading_tablet-   ekit_heading_mobile-\"><h4 class=\"ekit-heading--title elementskit-section-title\">Collaborative tools for increased productivity<\/h4><div class=\"ekit_heading_separetor_wraper ekit_heading_elementskit-border-divider ekit-dotted\"><div class=\"elementskit-border-divider ekit-dotted\"><\/div><\/div><p class=\"ekit-heading--subtitle elementskit-section-subtitle\">\n\t\t\t\t\t\tBoost collaboration and control by creating a personalized, user-friendly environment for sharing and managing information across your teams.\n\t\t\t\t\t<\/p><\/div><\/div>\t\t\t\t<\/div>\n\t\t\t\t<\/div>\n\t\t<div class=\"elementor-element elementor-element-0acc89e e-con-full zoom-in e-flex e-con e-child\" data-id=\"0acc89e\" data-element_type=\"container\" data-e-type=\"container\" data-settings=\"{&quot;background_background&quot;:&quot;classic&quot;}\">\n\t\t\t\t<div class=\"elementor-element elementor-element-f012952 elementor-widget elementor-widget-elementskit-heading\" data-id=\"f012952\" data-element_type=\"widget\" data-e-type=\"widget\" data-widget_type=\"elementskit-heading.default\">\n\t\t\t\t\t<div class=\"ekit-wid-con\" ><div class=\"ekit-heading elementskit-section-title-wraper text_left   ekit_heading_tablet-   ekit_heading_mobile-\"><h4 class=\"ekit-heading--title elementskit-section-title\">Unified communication for a simplified user experience<\/h4><div class=\"ekit_heading_separetor_wraper ekit_heading_elementskit-border-divider ekit-dotted\"><div class=\"elementskit-border-divider ekit-dotted\"><\/div><\/div><p class=\"ekit-heading--subtitle elementskit-section-subtitle\">\n\t\t\t\t\t\tBring all your communication channels together (chat, email, voice, mobile, etc.) to enhance collaboration\u2014wherever you are.\n\t\t\t\t\t<\/p><\/div><\/div>\t\t\t\t<\/div>\n\t\t\t\t<\/div>\n\t\t<div class=\"elementor-element elementor-element-a2bdc74 e-con-full zoom-in e-flex e-con e-child\" data-id=\"a2bdc74\" data-element_type=\"container\" data-e-type=\"container\" data-settings=\"{&quot;background_background&quot;:&quot;classic&quot;}\">\n\t\t\t\t<div class=\"elementor-element elementor-element-917bff6 elementor-widget elementor-widget-elementskit-heading\" data-id=\"917bff6\" data-element_type=\"widget\" data-e-type=\"widget\" data-widget_type=\"elementskit-heading.default\">\n\t\t\t\t\t<div class=\"ekit-wid-con\" ><div class=\"ekit-heading elementskit-section-title-wraper text_left   ekit_heading_tablet-   ekit_heading_mobile-\"><h4 class=\"ekit-heading--title elementskit-section-title\">Modern IT for lower total cost of ownership (TCO) and improved security<\/h4><div class=\"ekit_heading_separetor_wraper ekit_heading_elementskit-border-divider ekit-dotted\"><div class=\"elementskit-border-divider ekit-dotted\"><\/div><\/div><p class=\"ekit-heading--subtitle elementskit-section-subtitle\">\n\t\t\t\t\t\tWith our modern workplace solutions, manage your users\u2019 devices and data anytime, anywhere.\n\t\t\t\t\t<\/p><\/div><\/div>\t\t\t\t<\/div>\n\t\t\t\t<\/div>\n\t\t<div class=\"elementor-element elementor-element-998cf38 e-con-full zoom-in e-flex e-con e-child\" data-id=\"998cf38\" data-element_type=\"container\" data-e-type=\"container\" data-settings=\"{&quot;background_background&quot;:&quot;classic&quot;}\">\n\t\t\t\t<div class=\"elementor-element elementor-element-85d95fe elementor-widget elementor-widget-elementskit-heading\" data-id=\"85d95fe\" data-element_type=\"widget\" data-e-type=\"widget\" data-widget_type=\"elementskit-heading.default\">\n\t\t\t\t\t<div class=\"ekit-wid-con\" ><div class=\"ekit-heading elementskit-section-title-wraper text_left   ekit_heading_tablet-   ekit_heading_mobile-\"><h4 class=\"ekit-heading--title elementskit-section-title\">Power Platform to meet your specific needs<\/h4><div class=\"ekit_heading_separetor_wraper ekit_heading_elementskit-border-divider ekit-dotted\"><div class=\"elementskit-border-divider ekit-dotted\"><\/div><\/div><p class=\"ekit-heading--subtitle elementskit-section-subtitle\">\n\t\t\t\t\t\tEasily create applications within the Office 365 collaborative environment\u2014whether to meet specific needs or to complement your business applications\u2014thanks to no-code and low-code development.\n\t\t\t\t\t<\/p><\/div><\/div>\t\t\t\t<\/div>\n\t\t\t\t<\/div>\n\t\t<div class=\"elementor-element elementor-element-c9037ee e-con-full zoom-in e-flex e-con e-child\" data-id=\"c9037ee\" data-element_type=\"container\" data-e-type=\"container\" data-settings=\"{&quot;background_background&quot;:&quot;classic&quot;}\">\n\t\t\t\t<div class=\"elementor-element elementor-element-b0002b9 elementor-widget elementor-widget-elementskit-heading\" data-id=\"b0002b9\" data-element_type=\"widget\" data-e-type=\"widget\" data-widget_type=\"elementskit-heading.default\">\n\t\t\t\t\t<div class=\"ekit-wid-con\" ><div class=\"ekit-heading elementskit-section-title-wraper text_left   ekit_heading_tablet-   ekit_heading_mobile-\"><h4 class=\"ekit-heading--title elementskit-section-title\">IoT, Artificial Intelligence, QnA Maker, and Bots for Your Digital Transformation<\/h4><div class=\"ekit_heading_separetor_wraper ekit_heading_elementskit-border-divider ekit-dotted\"><div class=\"elementskit-border-divider ekit-dotted\"><\/div><\/div><p class=\"ekit-heading--subtitle elementskit-section-subtitle\">\n\t\t\t\t\t\tLeverage Azure services to process and utilize your data by taking advantage of the Internet of Things (IoT), Artificial Intelligence (AI), QnA Maker, and chatbots.\n\t\t\t\t\t<\/p><\/div><\/div>\t\t\t\t<\/div>\n\t\t\t\t<\/div>\n\t\t\t\t<\/div>\n\t\t\t\t<\/div>\n\t\t<div class=\"elementor-element elementor-element-a70db92 e-flex e-con-boxed e-con e-parent\" data-id=\"a70db92\" data-element_type=\"container\" data-e-type=\"container\" data-settings=\"{&quot;background_background&quot;:&quot;classic&quot;}\">\n\t\t\t\t\t<div class=\"e-con-inner\">\n\t\t<div class=\"elementor-element elementor-element-c93b607 e-con-full e-flex e-con e-child\" data-id=\"c93b607\" data-element_type=\"container\" data-e-type=\"container\">\n\t\t\t\t<div class=\"elementor-element elementor-element-22879c4 elementor-widget elementor-widget-elementskit-heading\" data-id=\"22879c4\" data-element_type=\"widget\" data-e-type=\"widget\" data-widget_type=\"elementskit-heading.default\">\n\t\t\t\t\t<div class=\"ekit-wid-con\" ><div class=\"ekit-heading elementskit-section-title-wraper text_left   ekit_heading_tablet-   ekit_heading_mobile-\"><h1 class=\"ekit-heading--title elementskit-section-title  ekit-heading__title-has-border start\">Need advice, a brochure, or a quote?<\/h1><div class=\"ekit_heading_separetor_wraper ekit_heading_elementskit-border-divider ekit-dotted\"><div class=\"elementskit-border-divider ekit-dotted\"><\/div><\/div><\/div><\/div>\t\t\t\t<\/div>\n\t\t\t\t<\/div>\n\t\t<div class=\"elementor-element elementor-element-5bc48c6 e-con-full e-flex e-con e-child\" data-id=\"5bc48c6\" data-element_type=\"container\" data-e-type=\"container\">\n\t\t\t\t<div class=\"elementor-element elementor-element-7a86afe elementor-align-center elementor-widget elementor-widget-elementskit-button\" data-id=\"7a86afe\" data-element_type=\"widget\" data-e-type=\"widget\" data-widget_type=\"elementskit-button.default\">\n\t\t\t\t\t<div class=\"ekit-wid-con\" >\t\t<div class=\"ekit-btn-wraper\">\n\t\t\t\t\t\t\t<a href=\"\/en\/ToolConsultingWebSite\/contact\/\" class=\"elementskit-btn  whitespace--normal\" id=\"\">\n\t\t\t\t\tContact us\t\t\t\t<\/a>\n\t\t\t\t\t<\/div>\n        <\/div>\t\t\t\t<\/div>\n\t\t\t\t<\/div>\n\t\t\t\t\t<\/div>\n\t\t\t\t<\/div>\n\t\t\t\t<\/div>","protected":false},"excerpt":{"rendered":"<p>Modern workplace Am\u00e9liorez l\u2019exp\u00e9rience employ\u00e9 Modern workplace La transformation digitale a r\u00e9volutionn\u00e9 les attentes des utilisateurs. Les employ\u00e9s souhaitent retrouver dans leur environnement professionnel la connectivit\u00e9 dont ils b\u00e9n\u00e9ficient chez eux. Pour r\u00e9pondre \u00e0 ces attentes, Tool consulting vous propose ses solutions de modern workplace, qui am\u00e9liorent l\u2019exp\u00e9rience de vos utilisateurs en r\u00e9formant votre environnement&#8230;<\/p>","protected":false},"author":1,"featured_media":0,"parent":0,"menu_order":0,"comment_status":"closed","ping_status":"closed","template":"","meta":{"om_disable_all_campaigns":false,"_monsterinsights_skip_tracking":false,"_monsterinsights_sitenote_active":false,"_monsterinsights_sitenote_note":"","_monsterinsights_sitenote_category":0,"_kad_post_transparent":"","_kad_post_title":"hide","_kad_post_layout":"fullwidth","_kad_post_sidebar_id":"","_kad_post_content_style":"unboxed","_kad_post_vertical_padding":"hide","_kad_post_feature":"hide","_kad_post_feature_position":"","_kad_post_header":false,"_kad_post_footer":false,"_kad_post_classname":"","footnotes":""},"class_list":["post-265","page","type-page","status-publish","hentry"],"aioseo_notices":[],"_links":{"self":[{"href":"https:\/\/toolconsulting.com\/en\/wp-json\/wp\/v2\/pages\/265","targetHints":{"allow":["GET"]}}],"collection":[{"href":"https:\/\/toolconsulting.com\/en\/wp-json\/wp\/v2\/pages"}],"about":[{"href":"https:\/\/toolconsulting.com\/en\/wp-json\/wp\/v2\/types\/page"}],"author":[{"embeddable":true,"href":"https:\/\/toolconsulting.com\/en\/wp-json\/wp\/v2\/users\/1"}],"replies":[{"embeddable":true,"href":"https:\/\/toolconsulting.com\/en\/wp-json\/wp\/v2\/comments?post=265"}],"version-history":[{"count":52,"href":"https:\/\/toolconsulting.com\/en\/wp-json\/wp\/v2\/pages\/265\/revisions"}],"predecessor-version":[{"id":2265,"href":"https:\/\/toolconsulting.com\/en\/wp-json\/wp\/v2\/pages\/265\/revisions\/2265"}],"wp:attachment":[{"href":"https:\/\/toolconsulting.com\/en\/wp-json\/wp\/v2\/media?parent=265"}],"curies":[{"name":"wp","href":"https:\/\/api.w.org\/{rel}","templated":true}]}}