{"id":389,"date":"2025-07-09T11:31:51","date_gmt":"2025-07-09T11:31:51","guid":{"rendered":"http:\/\/localhost\/ToolConsultingWebSite\/?page_id=389"},"modified":"2025-07-31T14:00:46","modified_gmt":"2025-07-31T14:00:46","slug":"services","status":"publish","type":"page","link":"https:\/\/toolconsulting.com\/en\/services\/","title":{"rendered":"Services"},"content":{"rendered":"<div data-elementor-type=\"wp-page\" data-elementor-id=\"389\" class=\"elementor elementor-389\">\n\t\t\t\t<div class=\"elementor-element elementor-element-2471b4d e-con-full e-flex e-con e-parent\" data-id=\"2471b4d\" data-element_type=\"container\" data-e-type=\"container\" data-settings=\"{&quot;background_background&quot;:&quot;gradient&quot;}\">\n\t\t\t\t\t\t\t<h2 \n\t\tdata-interaction-id=\"f268e41\" \n\t\tclass=\"e-f268e41-28a618b e-heading-base\" \n\t\t \n\t\t\n\t>\n\t\n\t\t\tAchieve your digital transformation.\n\t\t<\/h2>\n\t\t\t\t\t\t\t\t<p class=\"e-8781adf-f675441 e-paragraph-base\" data-interaction-id=\"8781adf\"  >\n\t\t\t\t\t\t\t\tTailored solutions and expertise \u2014 from industry insights to operations and decision-making.\n\t\t\t\t\t<\/p>\n\t\t\t\t<div class=\"elementor-element elementor-element-8477d36 elementor-absolute animationFramesOne elementor-widget elementor-widget-image\" data-id=\"8477d36\" data-element_type=\"widget\" data-e-type=\"widget\" data-settings=\"{&quot;_position&quot;:&quot;absolute&quot;}\" data-widget_type=\"image.default\">\n\t\t\t\t\t\t\t\t\t\t\t\t\t\t\t<img fetchpriority=\"high\" decoding=\"async\" width=\"1024\" height=\"576\" src=\"https:\/\/toolconsulting.com\/wp-content\/uploads\/2025\/07\/plus-Background-Removed-1024x576.png\" class=\"attachment-large size-large wp-image-303\" alt=\"\" srcset=\"https:\/\/toolconsulting.com\/wp-content\/uploads\/2025\/07\/plus-Background-Removed-1024x576.png 1024w, https:\/\/toolconsulting.com\/wp-content\/uploads\/2025\/07\/plus-Background-Removed-300x169.png 300w, https:\/\/toolconsulting.com\/wp-content\/uploads\/2025\/07\/plus-Background-Removed-768x432.png 768w, https:\/\/toolconsulting.com\/wp-content\/uploads\/2025\/07\/plus-Background-Removed.png 1280w\" sizes=\"(max-width: 1024px) 100vw, 1024px\" \/>\t\t\t\t\t\t\t\t\t\t\t\t\t\t\t<\/div>\n\t\t\t\t<div class=\"elementor-element elementor-element-7772d78 elementor-absolute animationFramesOne elementor-widget elementor-widget-image\" data-id=\"7772d78\" data-element_type=\"widget\" data-e-type=\"widget\" data-settings=\"{&quot;_position&quot;:&quot;absolute&quot;}\" data-widget_type=\"image.default\">\n\t\t\t\t\t\t\t\t\t\t\t\t\t\t\t<img decoding=\"async\" width=\"1024\" height=\"576\" src=\"https:\/\/toolconsulting.com\/wp-content\/uploads\/2025\/07\/orangeplus-Background-Removed-1024x576.png\" class=\"attachment-large size-large wp-image-308\" alt=\"\" srcset=\"https:\/\/toolconsulting.com\/wp-content\/uploads\/2025\/07\/orangeplus-Background-Removed-1024x576.png 1024w, https:\/\/toolconsulting.com\/wp-content\/uploads\/2025\/07\/orangeplus-Background-Removed-300x169.png 300w, https:\/\/toolconsulting.com\/wp-content\/uploads\/2025\/07\/orangeplus-Background-Removed-768x432.png 768w, https:\/\/toolconsulting.com\/wp-content\/uploads\/2025\/07\/orangeplus-Background-Removed.png 1280w\" sizes=\"(max-width: 1024px) 100vw, 1024px\" \/>\t\t\t\t\t\t\t\t\t\t\t\t\t\t\t<\/div>\n\t\t\t\t<\/div>\n\t\t<div class=\"elementor-element elementor-element-921edd3 e-con-full e-flex e-con e-parent\" data-id=\"921edd3\" data-element_type=\"container\" data-e-type=\"container\" data-settings=\"{&quot;background_background&quot;:&quot;classic&quot;}\">\n\t\t<div class=\"elementor-element elementor-element-2249f94 e-flex e-con-boxed e-con e-child\" data-id=\"2249f94\" data-element_type=\"container\" data-e-type=\"container\">\n\t\t\t\t\t<div class=\"e-con-inner\">\n\t\t<div class=\"elementor-element elementor-element-af6fa40 e-con-full zoom-in frosted-glass e-flex e-con e-child\" data-id=\"af6fa40\" data-element_type=\"container\" data-e-type=\"container\">\n\t\t\t\t<div class=\"elementor-element elementor-element-003ebe3 frosted-glass ekit-equal-height-disable elementor-widget elementor-widget-elementskit-image-box\" data-id=\"003ebe3\" data-element_type=\"widget\" data-e-type=\"widget\" data-widget_type=\"elementskit-image-box.default\">\n\t\t\t\t\t<div class=\"ekit-wid-con\" >\n            <div class=\"elementskit-info-image-box ekit-image-box text-center simple-card\" >\n\n                \n                <div class=\"elementskit-box-header image-box-img-center\">\n\n                    <img decoding=\"async\" width=\"1200\" height=\"800\" src=\"https:\/\/toolconsulting.com\/wp-content\/uploads\/2025\/07\/comm.png\" class=\"attachment-full size-full wp-image-1274\" alt=\"\" srcset=\"https:\/\/toolconsulting.com\/wp-content\/uploads\/2025\/07\/comm.png 1200w, https:\/\/toolconsulting.com\/wp-content\/uploads\/2025\/07\/comm-300x200.png 300w, https:\/\/toolconsulting.com\/wp-content\/uploads\/2025\/07\/comm-1024x683.png 1024w, https:\/\/toolconsulting.com\/wp-content\/uploads\/2025\/07\/comm-768x512.png 768w\" sizes=\"(max-width: 1200px) 100vw, 1200px\" \/>\n                <\/div>\n                \n                <div class=\"elementskit-box-body ekit-image-box-body\">\n                    <div class=\"elementskit-box-content ekit-image-box-body-inner\">\n                                                <h3 class=\"elementskit-info-box-title\">\n\n                        Advice\n                        \n                    <\/h3>\n                                                            <div class=\"elementskit-box-style-content\">\n                        We provide expert consulting services to help clients get the most out of their Microsoft Dynamics investments. Our seasoned consultants guide you in understanding the key features and advantages of Microsoft Dynamics solutions, and advise you on best practices to ensure a smooth and successful integration into your business.                    <\/div>\n                                    <\/div>\n\n                            <\/div>\n            <\/div>\n    <\/div>\t\t\t\t<\/div>\n\t\t\t\t<\/div>\n\t\t<div class=\"elementor-element elementor-element-61e0829 e-con-full zoom-in frosted-glass e-flex e-con e-child\" data-id=\"61e0829\" data-element_type=\"container\" data-e-type=\"container\">\n\t\t\t\t<div class=\"elementor-element elementor-element-39b718e ekit-equal-height-disable elementor-widget elementor-widget-elementskit-image-box\" data-id=\"39b718e\" data-element_type=\"widget\" data-e-type=\"widget\" data-widget_type=\"elementskit-image-box.default\">\n\t\t\t\t\t<div class=\"ekit-wid-con\" >\n            <div class=\"elementskit-info-image-box ekit-image-box text-center simple-card\" >\n\n                \n                <div class=\"elementskit-box-header image-box-img-center\">\n\n                    <img loading=\"lazy\" decoding=\"async\" width=\"1200\" height=\"800\" src=\"https:\/\/toolconsulting.com\/wp-content\/uploads\/2025\/07\/licenising.png\" class=\"attachment-full size-full wp-image-1654\" alt=\"\" srcset=\"https:\/\/toolconsulting.com\/wp-content\/uploads\/2025\/07\/licenising.png 1200w, https:\/\/toolconsulting.com\/wp-content\/uploads\/2025\/07\/licenising-300x200.png 300w, https:\/\/toolconsulting.com\/wp-content\/uploads\/2025\/07\/licenising-1024x683.png 1024w, https:\/\/toolconsulting.com\/wp-content\/uploads\/2025\/07\/licenising-768x512.png 768w\" sizes=\"(max-width: 1200px) 100vw, 1200px\" \/>\n                <\/div>\n                \n                <div class=\"elementskit-box-body ekit-image-box-body\">\n                    <div class=\"elementskit-box-content ekit-image-box-body-inner\">\n                                                <h3 class=\"elementskit-info-box-title\">\n\n                        Licensing\n                        \n                    <\/h3>\n                                                            <div class=\"elementskit-box-style-content\">\n                        We assist you in identifying your exact Microsoft Dynamics licensing needs to safeguard your assets without overspending or hidden fees. In addition, we help you get the most out of your existing licenses by offering expert guidance on optimizing their usage.                    <\/div>\n                                    <\/div>\n\n                            <\/div>\n            <\/div>\n    <\/div>\t\t\t\t<\/div>\n\t\t\t\t<\/div>\n\t\t<div class=\"elementor-element elementor-element-e544d13 e-con-full zoom-in frosted-glass e-flex e-con e-child\" data-id=\"e544d13\" data-element_type=\"container\" data-e-type=\"container\">\n\t\t\t\t<div class=\"elementor-element elementor-element-5f4d4fe ekit-equal-height-disable elementor-widget elementor-widget-elementskit-image-box\" data-id=\"5f4d4fe\" data-element_type=\"widget\" data-e-type=\"widget\" data-widget_type=\"elementskit-image-box.default\">\n\t\t\t\t\t<div class=\"ekit-wid-con\" >\n            <div class=\"elementskit-info-image-box ekit-image-box text-center simple-card\" >\n\n                \n                <div class=\"elementskit-box-header image-box-img-center\">\n\n                    <img loading=\"lazy\" decoding=\"async\" width=\"1200\" height=\"800\" src=\"https:\/\/toolconsulting.com\/wp-content\/uploads\/2025\/07\/migrate.png\" class=\"attachment-full size-full wp-image-1658\" alt=\"\" srcset=\"https:\/\/toolconsulting.com\/wp-content\/uploads\/2025\/07\/migrate.png 1200w, https:\/\/toolconsulting.com\/wp-content\/uploads\/2025\/07\/migrate-300x200.png 300w, https:\/\/toolconsulting.com\/wp-content\/uploads\/2025\/07\/migrate-1024x683.png 1024w, https:\/\/toolconsulting.com\/wp-content\/uploads\/2025\/07\/migrate-768x512.png 768w\" sizes=\"(max-width: 1200px) 100vw, 1200px\" \/>\n                <\/div>\n                \n                <div class=\"elementskit-box-body ekit-image-box-body\">\n                    <div class=\"elementskit-box-content ekit-image-box-body-inner\">\n                                                <h3 class=\"elementskit-info-box-title\">\n\n                        Migration\n                        \n                    <\/h3>\n                                                            <div class=\"elementskit-box-style-content\">\n                        Our expertise covers migrations from AX4.0\/AX2009\/AX2012 to D365 FnO, as well as CRM migrations to D365. We also help clients transition between solutions \u2014 for instance, moving from AX\/D365 FnO to Business Central or the other way around.                    <\/div>\n                                    <\/div>\n\n                            <\/div>\n            <\/div>\n    <\/div>\t\t\t\t<\/div>\n\t\t\t\t<\/div>\n\t\t\t\t\t<\/div>\n\t\t\t\t<\/div>\n\t\t<div class=\"elementor-element elementor-element-c542e59 e-flex e-con-boxed e-con e-child\" data-id=\"c542e59\" data-element_type=\"container\" data-e-type=\"container\">\n\t\t\t\t\t<div class=\"e-con-inner\">\n\t\t<div class=\"elementor-element elementor-element-bb815c5 e-con-full zoom-in frosted-glass e-flex e-con e-child\" data-id=\"bb815c5\" data-element_type=\"container\" data-e-type=\"container\">\n\t\t\t\t<div class=\"elementor-element elementor-element-617a123 ekit-equal-height-disable elementor-widget elementor-widget-elementskit-image-box\" data-id=\"617a123\" data-element_type=\"widget\" data-e-type=\"widget\" data-widget_type=\"elementskit-image-box.default\">\n\t\t\t\t\t<div class=\"ekit-wid-con\" >\n            <div class=\"elementskit-info-image-box ekit-image-box text-center simple-card\" >\n\n                \n                <div class=\"elementskit-box-header image-box-img-center\">\n\n                    <img loading=\"lazy\" decoding=\"async\" width=\"1200\" height=\"800\" src=\"https:\/\/toolconsulting.com\/wp-content\/uploads\/2025\/07\/collab.png\" class=\"attachment-full size-full wp-image-1102\" alt=\"\" srcset=\"https:\/\/toolconsulting.com\/wp-content\/uploads\/2025\/07\/collab.png 1200w, https:\/\/toolconsulting.com\/wp-content\/uploads\/2025\/07\/collab-300x200.png 300w, https:\/\/toolconsulting.com\/wp-content\/uploads\/2025\/07\/collab-1024x683.png 1024w, https:\/\/toolconsulting.com\/wp-content\/uploads\/2025\/07\/collab-768x512.png 768w\" sizes=\"(max-width: 1200px) 100vw, 1200px\" \/>\n                <\/div>\n                \n                <div class=\"elementskit-box-body ekit-image-box-body\">\n                    <div class=\"elementskit-box-content ekit-image-box-body-inner\">\n                                                <h3 class=\"elementskit-info-box-title\">\n\n                         Integration and Support\n                        \n                    <\/h3>\n                                                            <div class=\"elementskit-box-style-content\">\n                        We provide integration and support services to guide our clients in planning and executing a successful Microsoft Dynamics implementation. We know that modernization can be a lengthy and complex journey, demanding careful planning over weeks or even months.                    <\/div>\n                                    <\/div>\n\n                            <\/div>\n            <\/div>\n    <\/div>\t\t\t\t<\/div>\n\t\t\t\t<\/div>\n\t\t<div class=\"elementor-element elementor-element-87ca4eb e-con-full zoom-in frosted-glass e-flex e-con e-child\" data-id=\"87ca4eb\" data-element_type=\"container\" data-e-type=\"container\">\n\t\t\t\t<div class=\"elementor-element elementor-element-e856a01 ekit-equal-height-disable elementor-widget elementor-widget-elementskit-image-box\" data-id=\"e856a01\" data-element_type=\"widget\" data-e-type=\"widget\" data-widget_type=\"elementskit-image-box.default\">\n\t\t\t\t\t<div class=\"ekit-wid-con\" >\n            <div class=\"elementskit-info-image-box ekit-image-box text-center simple-card\" >\n\n                \n                <div class=\"elementskit-box-header image-box-img-center\">\n\n                    <img loading=\"lazy\" decoding=\"async\" width=\"1200\" height=\"800\" src=\"https:\/\/toolconsulting.com\/wp-content\/uploads\/2025\/07\/apprauto.png\" class=\"attachment-full size-full wp-image-1581\" alt=\"\" srcset=\"https:\/\/toolconsulting.com\/wp-content\/uploads\/2025\/07\/apprauto.png 1200w, https:\/\/toolconsulting.com\/wp-content\/uploads\/2025\/07\/apprauto-300x200.png 300w, https:\/\/toolconsulting.com\/wp-content\/uploads\/2025\/07\/apprauto-1024x683.png 1024w, https:\/\/toolconsulting.com\/wp-content\/uploads\/2025\/07\/apprauto-768x512.png 768w\" sizes=\"(max-width: 1200px) 100vw, 1200px\" \/>\n                <\/div>\n                \n                <div class=\"elementskit-box-body ekit-image-box-body\">\n                    <div class=\"elementskit-box-content ekit-image-box-body-inner\">\n                                                <h3 class=\"elementskit-info-box-title\">\n\n                        Craft\n                        \n                    <\/h3>\n                                                            <div class=\"elementskit-box-style-content\">\n                        Our consultants combine experience across diverse business domains with strong technological expertise, enabling them to deliver both industry insight and end-to-end process implementation support for organizations.                    <\/div>\n                                    <\/div>\n\n                            <\/div>\n            <\/div>\n    <\/div>\t\t\t\t<\/div>\n\t\t\t\t<\/div>\n\t\t\t\t\t<\/div>\n\t\t\t\t<\/div>\n\t\t<div class=\"elementor-element elementor-element-3581f29 e-flex e-con-boxed e-con e-child\" data-id=\"3581f29\" data-element_type=\"container\" data-e-type=\"container\">\n\t\t\t\t\t<div class=\"e-con-inner\">\n\t\t<div class=\"elementor-element elementor-element-e1625a6 e-con-full zoom-in frosted-glass e-flex e-con e-child\" data-id=\"e1625a6\" data-element_type=\"container\" data-e-type=\"container\">\n\t\t\t\t<div class=\"elementor-element elementor-element-5c8cb39 ekit-equal-height-disable elementor-widget elementor-widget-elementskit-image-box\" data-id=\"5c8cb39\" data-element_type=\"widget\" data-e-type=\"widget\" data-widget_type=\"elementskit-image-box.default\">\n\t\t\t\t\t<div class=\"ekit-wid-con\" >\n            <div class=\"elementskit-info-image-box ekit-image-box text-center simple-card\" >\n\n                \n                <div class=\"elementskit-box-header image-box-img-center\">\n\n                    <img loading=\"lazy\" decoding=\"async\" width=\"1200\" height=\"800\" src=\"https:\/\/toolconsulting.com\/wp-content\/uploads\/2025\/07\/rr.png\" class=\"attachment-full size-full wp-image-1278\" alt=\"\" srcset=\"https:\/\/toolconsulting.com\/wp-content\/uploads\/2025\/07\/rr.png 1200w, https:\/\/toolconsulting.com\/wp-content\/uploads\/2025\/07\/rr-300x200.png 300w, https:\/\/toolconsulting.com\/wp-content\/uploads\/2025\/07\/rr-1024x683.png 1024w, https:\/\/toolconsulting.com\/wp-content\/uploads\/2025\/07\/rr-768x512.png 768w\" sizes=\"(max-width: 1200px) 100vw, 1200px\" \/>\n                <\/div>\n                \n                <div class=\"elementskit-box-body ekit-image-box-body\">\n                    <div class=\"elementskit-box-content ekit-image-box-body-inner\">\n                                                <h3 class=\"elementskit-info-box-title\">\n\n                        Formation\n                        \n                    <\/h3>\n                                                            <div class=\"elementskit-box-style-content\">\n                        We provide tailor-made training designed to meet each client\u2019s unique needs. Delivered by certified, seasoned trainers, our programs ensure the transfer of expertise and practical know-how.                    <\/div>\n                                    <\/div>\n\n                            <\/div>\n            <\/div>\n    <\/div>\t\t\t\t<\/div>\n\t\t\t\t<\/div>\n\t\t<div class=\"elementor-element elementor-element-b4b8754 e-con-full zoom-in frosted-glass e-flex e-con e-child\" data-id=\"b4b8754\" data-element_type=\"container\" data-e-type=\"container\">\n\t\t\t\t<div class=\"elementor-element elementor-element-a7452a6 ekit-equal-height-disable elementor-widget elementor-widget-elementskit-image-box\" data-id=\"a7452a6\" data-element_type=\"widget\" data-e-type=\"widget\" data-widget_type=\"elementskit-image-box.default\">\n\t\t\t\t\t<div class=\"ekit-wid-con\" >\n            <div class=\"elementskit-info-image-box ekit-image-box text-center simple-card\" >\n\n                \n                <div class=\"elementskit-box-header image-box-img-center\">\n\n                    <img loading=\"lazy\" decoding=\"async\" width=\"1200\" height=\"800\" src=\"https:\/\/toolconsulting.com\/wp-content\/uploads\/2025\/07\/sup.png\" class=\"attachment-full size-full wp-image-1254\" alt=\"\" srcset=\"https:\/\/toolconsulting.com\/wp-content\/uploads\/2025\/07\/sup.png 1200w, https:\/\/toolconsulting.com\/wp-content\/uploads\/2025\/07\/sup-300x200.png 300w, https:\/\/toolconsulting.com\/wp-content\/uploads\/2025\/07\/sup-1024x683.png 1024w, https:\/\/toolconsulting.com\/wp-content\/uploads\/2025\/07\/sup-768x512.png 768w\" sizes=\"(max-width: 1200px) 100vw, 1200px\" \/>\n                <\/div>\n                \n                <div class=\"elementskit-box-body ekit-image-box-body\">\n                    <div class=\"elementskit-box-content ekit-image-box-body-inner\">\n                                                <h3 class=\"elementskit-info-box-title\">\n\n                         Support Maintenance &amp; TMA\n                        \n                    <\/h3>\n                                                            <div class=\"elementskit-box-style-content\">\n                        Support, Maintenance &amp; AMS\nOur experienced multilingual team is here to answer your questions and resolve your issues quickly and efficiently. We also have direct access to vendor support to ensure you receive the assistance you need, exactly when you need it.                    <\/div>\n                                    <\/div>\n\n                            <\/div>\n            <\/div>\n    <\/div>\t\t\t\t<\/div>\n\t\t\t\t<\/div>\n\t\t\t\t\t<\/div>\n\t\t\t\t<\/div>\n\t\t\t\t<\/div>\n\t\t<div class=\"elementor-element elementor-element-8531933 e-flex e-con-boxed e-con e-parent\" data-id=\"8531933\" data-element_type=\"container\" data-e-type=\"container\" data-settings=\"{&quot;background_background&quot;:&quot;classic&quot;}\">\n\t\t\t\t\t<div class=\"e-con-inner\">\n\t\t<div class=\"elementor-element elementor-element-a8ac5c7 e-con-full e-flex e-con e-child\" data-id=\"a8ac5c7\" data-element_type=\"container\" data-e-type=\"container\">\n\t\t\t\t<div class=\"elementor-element elementor-element-e4af5cc elementor-widget elementor-widget-elementskit-heading\" data-id=\"e4af5cc\" data-element_type=\"widget\" data-e-type=\"widget\" data-widget_type=\"elementskit-heading.default\">\n\t\t\t\t\t<div class=\"ekit-wid-con\" ><div class=\"ekit-heading elementskit-section-title-wraper text_left   ekit_heading_tablet-   ekit_heading_mobile-\"><h1 class=\"ekit-heading--title elementskit-section-title  ekit-heading__title-has-border start\">Need advice, a brochure, or a quote? <\/span><\/span> ?<\/h1><div class=\"ekit_heading_separetor_wraper ekit_heading_elementskit-border-divider ekit-dotted\"><div class=\"elementskit-border-divider ekit-dotted\"><\/div><\/div><\/div><\/div>\t\t\t\t<\/div>\n\t\t\t\t<\/div>\n\t\t<div class=\"elementor-element elementor-element-17cb607 e-con-full e-flex e-con e-child\" data-id=\"17cb607\" data-element_type=\"container\" data-e-type=\"container\">\n\t\t\t\t<div class=\"elementor-element elementor-element-e0a9473 elementor-align-center elementor-widget elementor-widget-elementskit-button\" data-id=\"e0a9473\" data-element_type=\"widget\" data-e-type=\"widget\" data-widget_type=\"elementskit-button.default\">\n\t\t\t\t\t<div class=\"ekit-wid-con\" >\t\t<div class=\"ekit-btn-wraper\">\n\t\t\t\t\t\t\t<a href=\"\/en\/ToolConsultingWebSite\/contact\/\" class=\"elementskit-btn  whitespace--normal\" id=\"\">\n\t\t\t\t\tContact us\t\t\t\t<\/a>\n\t\t\t\t\t<\/div>\n        <\/div>\t\t\t\t<\/div>\n\t\t\t\t<\/div>\n\t\t\t\t\t<\/div>\n\t\t\t\t<\/div>\n\t\t\t\t<\/div>","protected":false},"excerpt":{"rendered":"<p>R\u00e9ussir la transformation digitale de votre entreprise Des solutions et expertises sectorielles, op\u00e9rationnelles et d\u00e9cisionnelles. Conseil Nous offrons des services de conseil pour aider nos clients \u00e0 maximiser leurs investissements dans les solutions Microsoft Dynamics. Nos consultants exp\u00e9riment\u00e9s peuvent vous aider \u00e0 comprendre les fonctionnalit\u00e9s et les avantages des diff\u00e9rentes solutions Microsoft Dynamics pour votre&#8230;<\/p>","protected":false},"author":1,"featured_media":0,"parent":0,"menu_order":0,"comment_status":"closed","ping_status":"closed","template":"","meta":{"om_disable_all_campaigns":false,"_monsterinsights_skip_tracking":false,"_monsterinsights_sitenote_active":false,"_monsterinsights_sitenote_note":"","_monsterinsights_sitenote_category":0,"_kad_post_transparent":"","_kad_post_title":"hide","_kad_post_layout":"fullwidth","_kad_post_sidebar_id":"","_kad_post_content_style":"unboxed","_kad_post_vertical_padding":"hide","_kad_post_feature":"hide","_kad_post_feature_position":"","_kad_post_header":false,"_kad_post_footer":false,"_kad_post_classname":"","footnotes":""},"class_list":["post-389","page","type-page","status-publish","hentry"],"aioseo_notices":[],"_links":{"self":[{"href":"https:\/\/toolconsulting.com\/en\/wp-json\/wp\/v2\/pages\/389","targetHints":{"allow":["GET"]}}],"collection":[{"href":"https:\/\/toolconsulting.com\/en\/wp-json\/wp\/v2\/pages"}],"about":[{"href":"https:\/\/toolconsulting.com\/en\/wp-json\/wp\/v2\/types\/page"}],"author":[{"embeddable":true,"href":"https:\/\/toolconsulting.com\/en\/wp-json\/wp\/v2\/users\/1"}],"replies":[{"embeddable":true,"href":"https:\/\/toolconsulting.com\/en\/wp-json\/wp\/v2\/comments?post=389"}],"version-history":[{"count":102,"href":"https:\/\/toolconsulting.com\/en\/wp-json\/wp\/v2\/pages\/389\/revisions"}],"predecessor-version":[{"id":2322,"href":"https:\/\/toolconsulting.com\/en\/wp-json\/wp\/v2\/pages\/389\/revisions\/2322"}],"wp:attachment":[{"href":"https:\/\/toolconsulting.com\/en\/wp-json\/wp\/v2\/media?parent=389"}],"curies":[{"name":"wp","href":"https:\/\/api.w.org\/{rel}","templated":true}]}}